{"id":17218,"date":"2023-11-21T15:34:35","date_gmt":"2023-11-21T12:34:35","guid":{"rendered":"https:\/\/newinn.com\/?page_id=17218"},"modified":"2025-04-16T17:10:37","modified_gmt":"2025-04-16T14:10:37","slug":"kullanim-kosullari","status":"publish","type":"page","link":"https:\/\/newinn.com\/tr\/kullanim-kosullari\/","title":{"rendered":"Kullan\u0131m Ko\u015fullar\u0131"},"content":{"rendered":"\n<hr class=\"wp-block-separator has-alpha-channel-opacity\"\/>\n\n\n\n<p><strong>Bu Web Sitesi Kullan\u0131m \u015eartlar\u0131 ve Gizlilik Politikas\u0131<\/strong>, <a href=\"http:\/\/www.newinn.com\/\">www.newinn.com<\/a> sitesi ile ilgili hizmetlerin sunulmas\u0131 s\u0131ras\u0131nda Web Sitesi&#8217;nin kullan\u0131m\u0131na ili\u015fkin politikam\u0131z\u0131 i\u00e7ermektedir (bundan b\u00f6yle &#8220;Web Sitesi&#8221; olarak an\u0131lacakt\u0131r).<\/p>\n\n\n\n<p>Web Sitesi kullan\u0131c\u0131(lar)\u0131, Web Sitesi&#8217;nin ba\u015fka internet sitelerine veya i\u00e7eriklere ba\u011flant\u0131lar i\u00e7erebilece\u011fini, NEVV\u0130NN TUR\u0130ZM VE OTELC\u0130L\u0130K ANON\u0130M \u015e\u0130RKET\u0130\u2019nin bu sitelerin kontrol\u00fc, do\u011frulu\u011fu veya yeterlili\u011fi ile herhangi bir ili\u015fkisi olmad\u0131\u011f\u0131n\u0131, bu siteleri herhangi bir \u015fekilde desteklemedi\u011fini ya da do\u011frulu\u011funu garanti etmedi\u011fini ve bu sitelerde yer alan i\u00e7eriklerden sorumlu olmad\u0131\u011f\u0131n\u0131 kabul ve beyan eder. Kullan\u0131c\u0131(lar), bu t\u00fcr sitelerin kullan\u0131m\u0131 nedeniyle meydana gelebilecek maddi veya manevi, olumlu ya da olumsuz ya da olas\u0131 herhangi bir zarar veya kay\u0131ptan NEVV\u0130NN TUR\u0130ZM VE OTELC\u0130L\u0130K ANON\u0130M \u015e\u0130RKET\u0130\u2019nin sorumlu olmad\u0131\u011f\u0131n\u0131 kabul eder.<\/p>\n\n\n\n<p>Web Sitesi kullan\u0131c\u0131(lar)\u0131, Web Sitesi\u2019nin NEVV\u0130NN TUR\u0130ZM VE OTELC\u0130L\u0130K ANON\u0130M \u015e\u0130RKET\u0130\u2019ne ya da \u00fc\u00e7\u00fcnc\u00fc ki\u015fi veya kurulu\u015flara ait her t\u00fcrl\u00fc metin, bilgi, yorum, g\u00f6r\u00fc\u015f, haber, g\u00f6rsel, resim, foto\u011fraf, grafik ve di\u011fer materyalleri i\u00e7erebilece\u011fini, bu materyallerle ilgili olarak NEVV\u0130NN TUR\u0130ZM VE OTELC\u0130L\u0130K ANON\u0130M \u015e\u0130RKET\u0130\u2019nin 5846 say\u0131l\u0131 Fikir ve Sanat Eserleri Kanunu uyar\u0131nca haklar\u0131n\u0131n sakl\u0131 oldu\u011funu, bu materyallerin NEVV\u0130NN TUR\u0130ZM VE OTELC\u0130L\u0130K ANON\u0130M \u015e\u0130RKET\u0130\u2019nin izni olmaks\u0131z\u0131n kopyalanamayaca\u011f\u0131n\u0131, de\u011fi\u015ftirilemeyece\u011fini, \u00e7o\u011falt\u0131lamayaca\u011f\u0131n\u0131, yay\u0131mlanamayaca\u011f\u0131n\u0131, sat\u0131lamayaca\u011f\u0131n\u0131 ya da kullan\u0131lmayaca\u011f\u0131n\u0131 ve m\u00fcdahalede bulunulamayaca\u011f\u0131n\u0131 kabul ve beyan eder.<\/p>\n\n\n\n<p>NEVV\u0130NN TUR\u0130ZM VE OTELC\u0130L\u0130K ANON\u0130M \u015e\u0130RKET\u0130\u2019nin Web Sitesi\u2019nde yer alan, \u00fccret veya m\u00fcsaitlik durumu dahil ancak bunlarla s\u0131n\u0131rl\u0131 olmamak \u00fczere t\u00fcm bilgiler teknik ya da yaz\u0131m hatalar\u0131 ya da eksiklikler i\u00e7erebilir. NEVV\u0130NN TUR\u0130ZM VE OTELC\u0130L\u0130K ANON\u0130M \u015e\u0130RKET\u0130, Web Sitesi\u2019nde yer alan yaz\u0131m, foto\u011fraf, teknik ya da fiyatland\u0131rma hatalar\u0131ndan (otel \u00fccretlerindeki hatalar dahil ancak bunlarla s\u0131n\u0131rl\u0131 olmamak \u00fczere) sorumlu de\u011fildir. NEVV\u0130NN TUR\u0130ZM VE OTELC\u0130L\u0130K ANON\u0130M \u015e\u0130RKET\u0130, rezervasyon onay\u0131 sonras\u0131nda dahi olmak \u00fczere, Web Sitesi\u2019nde ve burada yer alan \u00fcr\u00fcnler ve programlarla ilgili bilgilerin tamam\u0131nda herhangi bir zamanda de\u011fi\u015fiklik, d\u00fczeltme ve\/veya iyile\u015ftirme yapma hakk\u0131n\u0131 sakl\u0131 tutar.<\/p>\n\n\n\n<p>Web Sitesi kullan\u0131c\u0131(lar)\u0131, bu Web Sitesi Kullan\u0131m \u015eartlar\u0131 ve Gizlilik Politikas\u0131\u2019n\u0131 Web Sitesi\u2019ne giri\u015f yapmadan \u00f6nce okuduklar\u0131n\u0131, burada yer alan t\u00fcm ko\u015fullara uyacaklar\u0131n\u0131, yukar\u0131da belirtilen hususlarla ilgili herhangi bir anla\u015fmazl\u0131k, uyu\u015fmazl\u0131k ya da talep durumunda \u0130stanbul Mahkemeleri ve \u0130cra Dairelerinin yetkili olaca\u011f\u0131n\u0131 ve Web Sitesi ile t\u00fcm elektronik ortam ve kay\u0131tlarda yer alan i\u00e7eriklerin NEVV\u0130NN TUR\u0130ZM VE OTELC\u0130L\u0130K ANON\u0130M \u015e\u0130RKET\u0130\u2019ne ait oldu\u011funu gayrikabili r\u00fccu olarak kabul, beyan ve taahh\u00fct ederler.<\/p>\n\n\n\n<hr class=\"wp-block-separator has-alpha-channel-opacity\"\/>\n\n\n\n<p><\/p>\n","protected":false},"excerpt":{"rendered":"<p>Bu Web Sitesi Kullan\u0131m \u015eartlar\u0131 ve Gizlilik Politikas\u0131, www.newinn.com sitesi ile ilgili hizmetlerin sunulmas\u0131 s\u0131ras\u0131nda Web Sitesi&#8217;nin kullan\u0131m\u0131na ili\u015fkin politikam\u0131z\u0131 i\u00e7ermektedir (bundan b\u00f6yle &#8220;Web Sitesi&#8221; olarak an\u0131lacakt\u0131r). Web Sitesi kullan\u0131c\u0131(lar)\u0131, Web Sitesi&#8217;nin ba\u015fka internet sitelerine veya i\u00e7eriklere ba\u011flant\u0131lar i\u00e7erebilece\u011fini, NEVV\u0130NN TUR\u0130ZM VE OTELC\u0130L\u0130K ANON\u0130M \u015e\u0130RKET\u0130\u2019nin bu sitelerin kontrol\u00fc, do\u011frulu\u011fu veya yeterlili\u011fi ile herhangi bir ili\u015fkisi olmad\u0131\u011f\u0131n\u0131, bu siteleri herhangi bir \u015fekilde desteklemedi\u011fini ya da do\u011frulu\u011funu garanti etmedi\u011fini ve bu sitelerde yer alan i\u00e7eriklerden sorumlu olmad\u0131\u011f\u0131n\u0131 kabul ve beyan eder. Kullan\u0131c\u0131(lar), bu t\u00fcr sitelerin kullan\u0131m\u0131 nedeniyle meydana gelebilecek maddi veya manevi, olumlu ya da olumsuz ya da olas\u0131 herhangi bir zarar [&hellip;]<\/p>\n","protected":false},"author":3,"featured_media":0,"parent":0,"menu_order":0,"comment_status":"closed","ping_status":"closed","template":"","meta":{"footnotes":""},"class_list":["post-17218","page","type-page","status-publish","hentry"],"yoast_head":"<!-- This site is optimized with the Yoast SEO plugin v20.11 - https:\/\/yoast.com\/wordpress\/plugins\/seo\/ -->\n<title>Kullan\u0131m Ko\u015fullar\u0131 | Serviced Apartments | Newinn<\/title>\n<meta name=\"robots\" content=\"index, follow, max-snippet:-1, max-image-preview:large, max-video-preview:-1\" \/>\n<link rel=\"canonical\" href=\"https:\/\/newinn.com\/tr\/kullanim-kosullari\/\" \/>\n<meta property=\"og:locale\" content=\"tr_TR\" \/>\n<meta property=\"og:type\" content=\"article\" \/>\n<meta property=\"og:title\" content=\"Kullan\u0131m Ko\u015fullar\u0131 | Serviced Apartments | Newinn\" \/>\n<meta property=\"og:description\" content=\"Bu Web Sitesi Kullan\u0131m \u015eartlar\u0131 ve Gizlilik Politikas\u0131, www.newinn.com sitesi ile ilgili hizmetlerin sunulmas\u0131 s\u0131ras\u0131nda Web Sitesi&#8217;nin kullan\u0131m\u0131na ili\u015fkin politikam\u0131z\u0131 i\u00e7ermektedir (bundan b\u00f6yle &#8220;Web Sitesi&#8221; olarak an\u0131lacakt\u0131r). Web Sitesi kullan\u0131c\u0131(lar)\u0131, Web Sitesi&#8217;nin ba\u015fka internet sitelerine veya i\u00e7eriklere ba\u011flant\u0131lar i\u00e7erebilece\u011fini, NEVV\u0130NN TUR\u0130ZM VE OTELC\u0130L\u0130K ANON\u0130M \u015e\u0130RKET\u0130\u2019nin bu sitelerin kontrol\u00fc, do\u011frulu\u011fu veya yeterlili\u011fi ile herhangi bir ili\u015fkisi olmad\u0131\u011f\u0131n\u0131, bu siteleri herhangi bir \u015fekilde desteklemedi\u011fini ya da do\u011frulu\u011funu garanti etmedi\u011fini ve bu sitelerde yer alan i\u00e7eriklerden sorumlu olmad\u0131\u011f\u0131n\u0131 kabul ve beyan eder. Kullan\u0131c\u0131(lar), bu t\u00fcr sitelerin kullan\u0131m\u0131 nedeniyle meydana gelebilecek maddi veya manevi, olumlu ya da olumsuz ya da olas\u0131 herhangi bir zarar [&hellip;]\" \/>\n<meta property=\"og:url\" content=\"https:\/\/newinn.com\/tr\/kullanim-kosullari\/\" \/>\n<meta property=\"og:site_name\" content=\"Serviced Apartments | Newinn\" \/>\n<meta property=\"article:modified_time\" content=\"2025-04-16T14:10:37+00:00\" \/>\n<meta name=\"twitter:card\" content=\"summary_large_image\" \/>\n<meta name=\"twitter:label1\" content=\"Tahmini okuma s\u00fcresi\" \/>\n\t<meta name=\"twitter:data1\" content=\"2 dakika\" \/>\n<script type=\"application\/ld+json\" class=\"yoast-schema-graph\">{\"@context\":\"https:\/\/schema.org\",\"@graph\":[{\"@type\":\"WebPage\",\"@id\":\"https:\/\/newinn.com\/tr\/kullanim-kosullari\/\",\"url\":\"https:\/\/newinn.com\/tr\/kullanim-kosullari\/\",\"name\":\"Kullan\u0131m Ko\u015fullar\u0131 | Serviced Apartments | Newinn\",\"isPartOf\":{\"@id\":\"https:\/\/newinn.com\/#website\"},\"datePublished\":\"2023-11-21T12:34:35+00:00\",\"dateModified\":\"2025-04-16T14:10:37+00:00\",\"inLanguage\":\"tr\",\"potentialAction\":[{\"@type\":\"ReadAction\",\"target\":[\"https:\/\/newinn.com\/tr\/kullanim-kosullari\/\"]}]},{\"@type\":\"WebSite\",\"@id\":\"https:\/\/newinn.com\/#website\",\"url\":\"https:\/\/newinn.com\/\",\"name\":\"Serviced Apartments | Newinn\",\"description\":\"\",\"potentialAction\":[{\"@type\":\"SearchAction\",\"target\":{\"@type\":\"EntryPoint\",\"urlTemplate\":\"https:\/\/newinn.com\/?s={search_term_string}\"},\"query-input\":\"required name=search_term_string\"}],\"inLanguage\":\"tr\"}]}<\/script>\n<!-- \/ Yoast SEO plugin. -->","yoast_head_json":{"title":"Kullan\u0131m Ko\u015fullar\u0131 | Serviced Apartments | Newinn","robots":{"index":"index","follow":"follow","max-snippet":"max-snippet:-1","max-image-preview":"max-image-preview:large","max-video-preview":"max-video-preview:-1"},"canonical":"https:\/\/newinn.com\/tr\/kullanim-kosullari\/","og_locale":"tr_TR","og_type":"article","og_title":"Kullan\u0131m Ko\u015fullar\u0131 | Serviced Apartments | Newinn","og_description":"Bu Web Sitesi Kullan\u0131m \u015eartlar\u0131 ve Gizlilik Politikas\u0131, www.newinn.com sitesi ile ilgili hizmetlerin sunulmas\u0131 s\u0131ras\u0131nda Web Sitesi&#8217;nin kullan\u0131m\u0131na ili\u015fkin politikam\u0131z\u0131 i\u00e7ermektedir (bundan b\u00f6yle &#8220;Web Sitesi&#8221; olarak an\u0131lacakt\u0131r). Web Sitesi kullan\u0131c\u0131(lar)\u0131, Web Sitesi&#8217;nin ba\u015fka internet sitelerine veya i\u00e7eriklere ba\u011flant\u0131lar i\u00e7erebilece\u011fini, NEVV\u0130NN TUR\u0130ZM VE OTELC\u0130L\u0130K ANON\u0130M \u015e\u0130RKET\u0130\u2019nin bu sitelerin kontrol\u00fc, do\u011frulu\u011fu veya yeterlili\u011fi ile herhangi bir ili\u015fkisi olmad\u0131\u011f\u0131n\u0131, bu siteleri herhangi bir \u015fekilde desteklemedi\u011fini ya da do\u011frulu\u011funu garanti etmedi\u011fini ve bu sitelerde yer alan i\u00e7eriklerden sorumlu olmad\u0131\u011f\u0131n\u0131 kabul ve beyan eder. Kullan\u0131c\u0131(lar), bu t\u00fcr sitelerin kullan\u0131m\u0131 nedeniyle meydana gelebilecek maddi veya manevi, olumlu ya da olumsuz ya da olas\u0131 herhangi bir zarar [&hellip;]","og_url":"https:\/\/newinn.com\/tr\/kullanim-kosullari\/","og_site_name":"Serviced Apartments | Newinn","article_modified_time":"2025-04-16T14:10:37+00:00","twitter_card":"summary_large_image","twitter_misc":{"Tahmini okuma s\u00fcresi":"2 dakika"},"schema":{"@context":"https:\/\/schema.org","@graph":[{"@type":"WebPage","@id":"https:\/\/newinn.com\/tr\/kullanim-kosullari\/","url":"https:\/\/newinn.com\/tr\/kullanim-kosullari\/","name":"Kullan\u0131m Ko\u015fullar\u0131 | Serviced Apartments | Newinn","isPartOf":{"@id":"https:\/\/newinn.com\/#website"},"datePublished":"2023-11-21T12:34:35+00:00","dateModified":"2025-04-16T14:10:37+00:00","inLanguage":"tr","potentialAction":[{"@type":"ReadAction","target":["https:\/\/newinn.com\/tr\/kullanim-kosullari\/"]}]},{"@type":"WebSite","@id":"https:\/\/newinn.com\/#website","url":"https:\/\/newinn.com\/","name":"Serviced Apartments | Newinn","description":"","potentialAction":[{"@type":"SearchAction","target":{"@type":"EntryPoint","urlTemplate":"https:\/\/newinn.com\/?s={search_term_string}"},"query-input":"required name=search_term_string"}],"inLanguage":"tr"}]}},"_links":{"self":[{"href":"https:\/\/newinn.com\/tr\/wp-json\/wp\/v2\/pages\/17218","targetHints":{"allow":["GET"]}}],"collection":[{"href":"https:\/\/newinn.com\/tr\/wp-json\/wp\/v2\/pages"}],"about":[{"href":"https:\/\/newinn.com\/tr\/wp-json\/wp\/v2\/types\/page"}],"author":[{"embeddable":true,"href":"https:\/\/newinn.com\/tr\/wp-json\/wp\/v2\/users\/3"}],"replies":[{"embeddable":true,"href":"https:\/\/newinn.com\/tr\/wp-json\/wp\/v2\/comments?post=17218"}],"version-history":[{"count":2,"href":"https:\/\/newinn.com\/tr\/wp-json\/wp\/v2\/pages\/17218\/revisions"}],"predecessor-version":[{"id":21066,"href":"https:\/\/newinn.com\/tr\/wp-json\/wp\/v2\/pages\/17218\/revisions\/21066"}],"wp:attachment":[{"href":"https:\/\/newinn.com\/tr\/wp-json\/wp\/v2\/media?parent=17218"}],"curies":[{"name":"wp","href":"https:\/\/api.w.org\/{rel}","templated":true}]}}