{"id":7315,"date":"2022-09-20T13:33:41","date_gmt":"2022-09-20T10:33:41","guid":{"rendered":"https:\/\/newinn.com\/cookie-policy\/"},"modified":"2023-11-21T16:23:05","modified_gmt":"2023-11-21T13:23:05","slug":"cerez-politikasi","status":"publish","type":"page","link":"https:\/\/newinn.com\/tr\/cerez-politikasi\/","title":{"rendered":"\u00c7erez Politikas\u0131"},"content":{"rendered":"\n<h2 class=\"wp-block-heading\">How Does Newinn Use Cookies as the Owner of the Website?<\/h2>\n\n\n\n<p><strong>NEVV\u0130NN TUR\u0130ZM VE OTELC\u0130L\u0130K ANON\u0130M \u015e\u0130RKET\u0130 <\/strong>cookies are used in order to ensure the functional running of the website and enhance your experience of using the website. Besides, Google Analytics is used for the purpose of providing statistics on visitors online.<\/p>\n\n\n\n<h3 class=\"wp-block-heading\">How Does Newinn Use Third-Party Cookies?<\/h3>\n\n\n\n<p><strong>NEVV\u0130NN TUR\u0130ZM VE OTELC\u0130L\u0130K ANON\u0130M \u015e\u0130RKET\u0130 <\/strong>uses Google Analytics as a website analysis service provided by Google, Inc. (\u201cGoogle\u201d). Google Analytics uses the cookies with a view to analyzing how visitors use the website by means of statistical data\/reports. For more information regarding the use of Google Analytics (including options of refusal), you may visit the following address:\u00a0<a href=\"https:\/\/www.google.com\/intl\/tr\/policies\/privacy\/#infocollect\">https:\/\/www.google.com\/intl\/tr\/policies\/privacy\/#infocollect<\/a>.<\/p>\n\n\n\n<h3 class=\"wp-block-heading\">Cookie Management<\/h3>\n\n\n\n<p>Following the steps given below based on the type of your internet browser; you may obtain information on cookies and exercise your right of permission or refusal:<\/p>\n\n\n\n<p><strong>Google Chrome:<\/strong>&nbsp;Clicking on the \u201csymbol key\u201d or the letter \u201ci\u201d contained in the \u201csection address\u201d of your browser; you may permit or block the cookies from the tab \u201cCookie\u201d.<\/p>\n\n\n\n<p><strong>Internet Explorer:&nbsp;<\/strong>Click on the tab \u201cSecurity\u201d from the section \u201cTools\u201d contained on the upper right-hand corner of your browser and realize your cookie management as \u201callow\u201d or \u201cdo not allow\u201d.<\/p>\n\n\n\n<p><strong>Mozilla Firefox:&nbsp;<\/strong>Click on the tab \u201copen the menu\u201d contained in the upper right-hand corner of your browser. Clicking on the visual \u201cOptions\u201d, perform your cookie management using the button \u201cPrivacy and Security\u201d.<\/p>\n\n\n\n<p>For other browsers (like opera, Microsoft edge), you may examine the pages \u201chelp\u201d or \u201csupport\u201d on the relevant browser.<\/p>\n\n\n\n<p><strong>Safari:<\/strong>&nbsp;You may choose the tab \u201csafari\u201d from the section \u201cSettings\u201d of your phone and ensure the management of all cookies from the section \u201cPrivacy and Security\u201d.<\/p>\n\n\n\n<p>Along with the options given above, in order to know about all cookies and manage cookies, you may visit the address&nbsp;https:\/\/www.allaboutcookies.org,&nbsp;<a href=\"https:\/\/www.youronlinechoices.eu\/\">https:\/\/www.youronlinechoices.eu\/<\/a>&nbsp;or use the app \u201cPrivacy Badger\u201d at the address: https:\/\/www.eff.org\/tr\/privacybadger.<\/p>\n\n\n\n<h3 class=\"wp-block-heading\">Types of Cookies<\/h3>\n\n\n\n<p><strong>Types of<\/strong>&nbsp;<strong>Cookies by Duration of Use:<\/strong>&nbsp;Session cookies and persistent cookies are used on the website run by Do\u011fu\u015f Otel by the duration of use. Session cookie ends when you shut down your browse while persistent cookies remain for a long time or an indefinite period of time on your hard disk.<\/p>\n\n\n\n<p>\u201cThird-party cookies\u201d are used on the website run by <strong>NEVV\u0130NN TUR\u0130ZM VE OTELC\u0130L\u0130K ANON\u0130M \u015e\u0130RKET\u0130 <\/strong>by the party setting the cookie. <strong>NEVV\u0130NN TUR\u0130ZM VE OTELC\u0130L\u0130K ANON\u0130M \u015e\u0130RKET\u0130 <\/strong> cookies are managed when they are formed by Newinn while third-party cookies are managed by third-party firms with which we cooperate.<\/p>\n\n\n\n<p><strong>Types of Cookies by their Intended Use:<\/strong>\u00a0Technical cookies are used on the website run by <strong>NEVV\u0130NN TUR\u0130ZM VE OTELC\u0130L\u0130K ANON\u0130M \u015e\u0130RKET\u0130 <\/strong>by their intended use. Technical cookies are those cookies that are necessary for running the website.<\/p>\n\n\n\n<p><strong>Statistics Cookies:<\/strong>&nbsp;Statistic cookies help website owners to understand how visitors interact with websites by collecting and reporting information anonymously.<\/p>\n\n\n\n<h3 class=\"wp-block-heading\">Use of Cookies<\/h3>\n\n\n\n<p>Cookies are text files with tiny bits of information that are downloaded by your Internet browser upon your visit to <strong>NEVV\u0130NN TUR\u0130ZM VE OTELC\u0130L\u0130K ANON\u0130M \u015e\u0130RKET\u0130 <\/strong>\u2019s websites and that are stored on your computer, mobile phone, or tablet.<\/p>\n\n\n\n<p><strong>NEVV\u0130NN TUR\u0130ZM VE OTELC\u0130L\u0130K ANON\u0130M \u015e\u0130RKET\u0130 <\/strong>shall collect, process, disclose to third parties, and securely store your visit details in order to give better services to its visitors, to help its visitors and members to take advantage of their membership, and to fulfill its statutory obligations, provided that such data shall not be used for any purpose or scope other than the one defined in this Privacy\/Personal Data Protection Policy.<\/p>\n\n\n\n<p><strong>NEVV\u0130NN TUR\u0130ZM VE OTELC\u0130L\u0130K ANON\u0130M \u015e\u0130RKET\u0130 <\/strong>monitors details about your tour around the site and\/or your membership usage history on the site in order to customize promotions for you, offer promotions and marketing campaigns, and improve the contents of the website according to you, and\/or identify your preferences <strong>NEVV\u0130NN TUR\u0130ZM VE OTELC\u0130L\u0130K ANON\u0130M \u015e\u0130RKET\u0130 <\/strong>uses session cookies and permanent cookies at its website and mobile site. Session cookies will terminate when you close down your browser, whereas permanent cookies stay on your hard disc for a long time. You may delete permanent cookies and you may reject both session cookies and permanent cookies by following the instructions set out in the \u201chelp\u201d file of your browsers or by visiting \u201cwww.allaboutcookies.org\u201d or www.youronlinechoices.eu and you may continue to use the website or mobile site but you may not have any access or may have restricted access to all functions offered by the website or the mobile site.<\/p>\n\n\n\n<h3 class=\"wp-block-heading\">How Does \u201c<strong>NEVV\u0130NN TUR\u0130ZM VE OTELC\u0130L\u0130K ANON\u0130M \u015e\u0130RKET\u0130 <\/strong>\u201d Use Third-Party Cookies for Advertisements and Retargeting?<\/h3>\n\n\n\n<p><strong>NEVV\u0130NN TUR\u0130ZM VE OTELC\u0130L\u0130K ANON\u0130M \u015e\u0130RKET\u0130 <\/strong>may also use cookies to activate \u201cAdvertisement Technology\u201d to offer you those advertorials that may be interesting to you in our opinion during your visit to search engines, website or mobile site, and\/or website that posts ads. Advertisement Technology uses such details collected from your previous visits to the website\/mobile site in which \u201c<strong>NEVV\u0130NN TUR\u0130ZM VE OTELC\u0130L\u0130K ANON\u0130M \u015e\u0130RKET\u0130 <\/strong>\u201d posts ads to offer you customized or exclusive ads. While offering these ads, it may place third-party cookies to your browser so that \u201c<strong>NEVV\u0130NN TUR\u0130ZM VE OTELC\u0130L\u0130K ANON\u0130M \u015e\u0130RKET\u0130 <\/strong>\u2019s website\u201d will know you.<\/p>\n\n\n\n<p>Our sites or mobile sites also use Google Analytics and Google Adwords, which is a web analysis service offered by Google, Inc (\u201cGoogle\u201d). Google Analytics and Google Adwords use cookies to analyze how visitors use the website\/mobile site. Details about your use of this website\/mobile site (including your IP address) shall be transferred to and safely stored by Google. Google will use such data to evaluate your use of the website\/mobile site; to collect website\/mobile site operations and to provide other services in relation to the use of website\/mobile site and Internet use. But it will not match your IP address with other data stored by Google.<\/p>\n\n\n\n<p>For more information about the use by Analytics, please visit the following link: http:\/\/www.google.com\/intl\/tr\/policies\/privacy\/#infocollect.<\/p>\n","protected":false},"excerpt":{"rendered":"<p>How Does Newinn Use Cookies as the Owner of the Website? NEVV\u0130NN TUR\u0130ZM VE OTELC\u0130L\u0130K ANON\u0130M \u015e\u0130RKET\u0130 cookies are used in order to ensure the functional running of the website and enhance your experience of using the website. Besides, Google Analytics is used for the purpose of providing statistics on visitors online. How Does Newinn Use Third-Party Cookies? NEVV\u0130NN TUR\u0130ZM VE OTELC\u0130L\u0130K ANON\u0130M \u015e\u0130RKET\u0130 uses Google Analytics as a website analysis service provided by Google, Inc. (\u201cGoogle\u201d). Google Analytics uses the cookies with a view to analyzing how visitors use the website by means of statistical data\/reports. For more information [&hellip;]<\/p>\n","protected":false},"author":2,"featured_media":0,"parent":0,"menu_order":0,"comment_status":"closed","ping_status":"closed","template":"","meta":{"footnotes":""},"class_list":["post-7315","page","type-page","status-publish","hentry"],"yoast_head":"<!-- This site is optimized with the Yoast SEO plugin v20.11 - https:\/\/yoast.com\/wordpress\/plugins\/seo\/ -->\n<title>\u00c7erez Politikas\u0131 | Serviced Apartments | Newinn<\/title>\n<meta name=\"robots\" content=\"index, follow, max-snippet:-1, max-image-preview:large, max-video-preview:-1\" \/>\n<link rel=\"canonical\" href=\"https:\/\/newinn.com\/tr\/cerez-politikasi\/\" \/>\n<meta property=\"og:locale\" content=\"tr_TR\" \/>\n<meta property=\"og:type\" content=\"article\" \/>\n<meta property=\"og:title\" content=\"\u00c7erez Politikas\u0131 | Serviced Apartments | Newinn\" \/>\n<meta property=\"og:description\" content=\"How Does Newinn Use Cookies as the Owner of the Website? NEVV\u0130NN TUR\u0130ZM VE OTELC\u0130L\u0130K ANON\u0130M \u015e\u0130RKET\u0130 cookies are used in order to ensure the functional running of the website and enhance your experience of using the website. Besides, Google Analytics is used for the purpose of providing statistics on visitors online. How Does Newinn Use Third-Party Cookies? NEVV\u0130NN TUR\u0130ZM VE OTELC\u0130L\u0130K ANON\u0130M \u015e\u0130RKET\u0130 uses Google Analytics as a website analysis service provided by Google, Inc. (\u201cGoogle\u201d). Google Analytics uses the cookies with a view to analyzing how visitors use the website by means of statistical data\/reports. For more information [&hellip;]\" \/>\n<meta property=\"og:url\" content=\"https:\/\/newinn.com\/tr\/cerez-politikasi\/\" \/>\n<meta property=\"og:site_name\" content=\"Serviced Apartments | Newinn\" \/>\n<meta property=\"article:modified_time\" content=\"2023-11-21T13:23:05+00:00\" \/>\n<meta name=\"twitter:card\" content=\"summary_large_image\" \/>\n<meta name=\"twitter:label1\" content=\"Tahmini okuma s\u00fcresi\" \/>\n\t<meta name=\"twitter:data1\" content=\"5 dakika\" \/>\n<script type=\"application\/ld+json\" class=\"yoast-schema-graph\">{\"@context\":\"https:\/\/schema.org\",\"@graph\":[{\"@type\":\"WebPage\",\"@id\":\"https:\/\/newinn.com\/tr\/cerez-politikasi\/\",\"url\":\"https:\/\/newinn.com\/tr\/cerez-politikasi\/\",\"name\":\"\u00c7erez Politikas\u0131 | Serviced Apartments | Newinn\",\"isPartOf\":{\"@id\":\"https:\/\/newinn.com\/#website\"},\"datePublished\":\"2022-09-20T10:33:41+00:00\",\"dateModified\":\"2023-11-21T13:23:05+00:00\",\"inLanguage\":\"tr\",\"potentialAction\":[{\"@type\":\"ReadAction\",\"target\":[\"https:\/\/newinn.com\/tr\/cerez-politikasi\/\"]}]},{\"@type\":\"WebSite\",\"@id\":\"https:\/\/newinn.com\/#website\",\"url\":\"https:\/\/newinn.com\/\",\"name\":\"Serviced Apartments | Newinn\",\"description\":\"\",\"potentialAction\":[{\"@type\":\"SearchAction\",\"target\":{\"@type\":\"EntryPoint\",\"urlTemplate\":\"https:\/\/newinn.com\/?s={search_term_string}\"},\"query-input\":\"required name=search_term_string\"}],\"inLanguage\":\"tr\"}]}<\/script>\n<!-- \/ Yoast SEO plugin. -->","yoast_head_json":{"title":"\u00c7erez Politikas\u0131 | Serviced Apartments | Newinn","robots":{"index":"index","follow":"follow","max-snippet":"max-snippet:-1","max-image-preview":"max-image-preview:large","max-video-preview":"max-video-preview:-1"},"canonical":"https:\/\/newinn.com\/tr\/cerez-politikasi\/","og_locale":"tr_TR","og_type":"article","og_title":"\u00c7erez Politikas\u0131 | Serviced Apartments | Newinn","og_description":"How Does Newinn Use Cookies as the Owner of the Website? NEVV\u0130NN TUR\u0130ZM VE OTELC\u0130L\u0130K ANON\u0130M \u015e\u0130RKET\u0130 cookies are used in order to ensure the functional running of the website and enhance your experience of using the website. Besides, Google Analytics is used for the purpose of providing statistics on visitors online. How Does Newinn Use Third-Party Cookies? NEVV\u0130NN TUR\u0130ZM VE OTELC\u0130L\u0130K ANON\u0130M \u015e\u0130RKET\u0130 uses Google Analytics as a website analysis service provided by Google, Inc. (\u201cGoogle\u201d). Google Analytics uses the cookies with a view to analyzing how visitors use the website by means of statistical data\/reports. For more information [&hellip;]","og_url":"https:\/\/newinn.com\/tr\/cerez-politikasi\/","og_site_name":"Serviced Apartments | Newinn","article_modified_time":"2023-11-21T13:23:05+00:00","twitter_card":"summary_large_image","twitter_misc":{"Tahmini okuma s\u00fcresi":"5 dakika"},"schema":{"@context":"https:\/\/schema.org","@graph":[{"@type":"WebPage","@id":"https:\/\/newinn.com\/tr\/cerez-politikasi\/","url":"https:\/\/newinn.com\/tr\/cerez-politikasi\/","name":"\u00c7erez Politikas\u0131 | Serviced Apartments | Newinn","isPartOf":{"@id":"https:\/\/newinn.com\/#website"},"datePublished":"2022-09-20T10:33:41+00:00","dateModified":"2023-11-21T13:23:05+00:00","inLanguage":"tr","potentialAction":[{"@type":"ReadAction","target":["https:\/\/newinn.com\/tr\/cerez-politikasi\/"]}]},{"@type":"WebSite","@id":"https:\/\/newinn.com\/#website","url":"https:\/\/newinn.com\/","name":"Serviced Apartments | Newinn","description":"","potentialAction":[{"@type":"SearchAction","target":{"@type":"EntryPoint","urlTemplate":"https:\/\/newinn.com\/?s={search_term_string}"},"query-input":"required name=search_term_string"}],"inLanguage":"tr"}]}},"_links":{"self":[{"href":"https:\/\/newinn.com\/tr\/wp-json\/wp\/v2\/pages\/7315","targetHints":{"allow":["GET"]}}],"collection":[{"href":"https:\/\/newinn.com\/tr\/wp-json\/wp\/v2\/pages"}],"about":[{"href":"https:\/\/newinn.com\/tr\/wp-json\/wp\/v2\/types\/page"}],"author":[{"embeddable":true,"href":"https:\/\/newinn.com\/tr\/wp-json\/wp\/v2\/users\/2"}],"replies":[{"embeddable":true,"href":"https:\/\/newinn.com\/tr\/wp-json\/wp\/v2\/comments?post=7315"}],"version-history":[{"count":6,"href":"https:\/\/newinn.com\/tr\/wp-json\/wp\/v2\/pages\/7315\/revisions"}],"predecessor-version":[{"id":17223,"href":"https:\/\/newinn.com\/tr\/wp-json\/wp\/v2\/pages\/7315\/revisions\/17223"}],"wp:attachment":[{"href":"https:\/\/newinn.com\/tr\/wp-json\/wp\/v2\/media?parent=7315"}],"curies":[{"name":"wp","href":"https:\/\/api.w.org\/{rel}","templated":true}]}}