{"id":7316,"date":"2022-09-20T13:31:31","date_gmt":"2022-09-20T10:31:31","guid":{"rendered":"https:\/\/newinn.com\/terms-of-use\/"},"modified":"2023-11-21T16:17:04","modified_gmt":"2023-11-21T13:17:04","slug":"terms-of-use","status":"publish","type":"page","link":"https:\/\/newinn.com\/tr\/terms-of-use\/","title":{"rendered":"Terms of use"},"content":{"rendered":"\n<p>This Website Terms of Use and Privacy Policy contain our policy regarding the terms of use of the Web Site when providing services related to the&nbsp;www.newinn.com&nbsp;site (hereinafter referred to as \u201cWebsite\u201d).<\/p>\n\n\n\n<p>User(s) of the Website agree and represent that the Website may have links to other Websites or contents, and\u00a0<strong>NEVV\u0130NN TUR\u0130ZM VE OTELC\u0130L\u0130K ANON\u0130M \u015e\u0130RKET\u0130<\/strong> has no relation in regard to control or accuracy or adequacy of the same, and\u00a0<strong>NEVV\u0130NN TUR\u0130ZM VE OTELC\u0130L\u0130K ANON\u0130M \u015e\u0130RKET\u0130<\/strong> . does not support such sites in any way or does not guarantee their accuracy and has no responsibility for the contents included in those sites, and that\u00a0<strong>NEVV\u0130NN TUR\u0130ZM VE OTELC\u0130L\u0130K ANON\u0130M \u015e\u0130RKET\u0130<\/strong> . is not responsible for any intangible or tangible, positive or negative, or any possible loss or damages which may arise from the use of such sites.<\/p>\n\n\n\n<p>Website User(s) agree and represent that the Website may contain any text, information, comment, opinion, news, image, picture, photograph, graphic, and other material belonging to\u00a0<strong>NEVV\u0130NN TUR\u0130ZM VE OTELC\u0130L\u0130K ANON\u0130M \u015e\u0130RKET\u0130 <\/strong>or a third person or organization, and <strong>NEVV\u0130NN TUR\u0130ZM VE OTELC\u0130L\u0130K ANON\u0130M \u015e\u0130RKET\u0130 <\/strong>reserves the rights set forth under the Law on Intellectual And Artistic Works in connection with these materials, and they are not allowed to copy, modify, reproduce, publish, sell or use, or intervene without consent of\u00a0<strong><strong>NEVV\u0130NN TUR\u0130ZM VE OTELC\u0130L\u0130K ANON\u0130M \u015e\u0130RKET\u0130 <\/strong><\/strong>.<\/p>\n\n\n\n<p>The information, including but not limited to fees or availability, is shown on the Website of <strong>NEVV\u0130NN TUR\u0130ZM VE OTELC\u0130L\u0130K ANON\u0130M \u015e\u0130RKET\u0130<\/strong>. may include some technical or typographical errors or omissions. <strong>NEVV\u0130NN TUR\u0130ZM VE OTELC\u0130L\u0130K ANON\u0130M \u015e\u0130RKET\u0130 <\/strong>shall not be responsible for any typographical, photographic, technical, or pricing errors (including but not limited to mistakes in hotel rates) shown on the Website. <strong>NEVV\u0130NN TUR\u0130ZM VE OTELC\u0130L\u0130K ANON\u0130M \u015e\u0130RKET\u0130 <\/strong>reserves the right to make changes, corrections, and\/or improvements at any time on the Website and in the products and programs described under such information, including the period after approval of the reservation.<\/p>\n\n\n\n<p>User(s) of the Website irrevocably agree, represent, and warrant that they have read the above Website Terms of Use and Privacy Policy before entering the Website, and they shall abide by all conditions stated, and in case of any dispute or controversy or claim in connection with any of the foregoing, \u0130stanbul Courts and Enforcement Offices shall be competent, and the contents contained on the Website and all electronic media and records belong to\u00a0<strong><strong>NEVV\u0130NN TUR\u0130ZM VE OTELC\u0130L\u0130K ANON\u0130M \u015e\u0130RKET\u0130 <\/strong><\/strong>.<\/p>\n","protected":false},"excerpt":{"rendered":"<p>This Website Terms of Use and Privacy Policy contain our policy regarding the terms of use of the Web Site when providing services related to the&nbsp;www.newinn.com&nbsp;site (hereinafter referred to as \u201cWebsite\u201d). User(s) of the Website agree and represent that the Website may have links to other Websites or contents, and\u00a0NEVV\u0130NN TUR\u0130ZM VE OTELC\u0130L\u0130K ANON\u0130M \u015e\u0130RKET\u0130 has no relation in regard to control or accuracy or adequacy of the same, and\u00a0NEVV\u0130NN TUR\u0130ZM VE OTELC\u0130L\u0130K ANON\u0130M \u015e\u0130RKET\u0130 . does not support such sites in any way or does not guarantee their accuracy and has no responsibility for the contents included in those [&hellip;]<\/p>\n","protected":false},"author":2,"featured_media":0,"parent":0,"menu_order":0,"comment_status":"closed","ping_status":"closed","template":"","meta":{"footnotes":""},"class_list":["post-7316","page","type-page","status-publish","hentry"],"yoast_head":"<!-- This site is optimized with the Yoast SEO plugin v20.11 - https:\/\/yoast.com\/wordpress\/plugins\/seo\/ -->\n<title>Terms of use | Serviced Apartments | Newinn<\/title>\n<meta name=\"robots\" content=\"index, follow, max-snippet:-1, max-image-preview:large, max-video-preview:-1\" \/>\n<link rel=\"canonical\" href=\"https:\/\/newinn.com\/tr\/terms-of-use\/\" \/>\n<meta property=\"og:locale\" content=\"tr_TR\" \/>\n<meta property=\"og:type\" content=\"article\" \/>\n<meta property=\"og:title\" content=\"Terms of use | Serviced Apartments | Newinn\" \/>\n<meta property=\"og:description\" content=\"This Website Terms of Use and Privacy Policy contain our policy regarding the terms of use of the Web Site when providing services related to the&nbsp;www.newinn.com&nbsp;site (hereinafter referred to as \u201cWebsite\u201d). User(s) of the Website agree and represent that the Website may have links to other Websites or contents, and\u00a0NEVV\u0130NN TUR\u0130ZM VE OTELC\u0130L\u0130K ANON\u0130M \u015e\u0130RKET\u0130 has no relation in regard to control or accuracy or adequacy of the same, and\u00a0NEVV\u0130NN TUR\u0130ZM VE OTELC\u0130L\u0130K ANON\u0130M \u015e\u0130RKET\u0130 . does not support such sites in any way or does not guarantee their accuracy and has no responsibility for the contents included in those [&hellip;]\" \/>\n<meta property=\"og:url\" content=\"https:\/\/newinn.com\/tr\/terms-of-use\/\" \/>\n<meta property=\"og:site_name\" content=\"Serviced Apartments | Newinn\" \/>\n<meta property=\"article:modified_time\" content=\"2023-11-21T13:17:04+00:00\" \/>\n<meta name=\"twitter:card\" content=\"summary_large_image\" \/>\n<meta name=\"twitter:label1\" content=\"Tahmini okuma s\u00fcresi\" \/>\n\t<meta name=\"twitter:data1\" content=\"2 dakika\" \/>\n<script type=\"application\/ld+json\" class=\"yoast-schema-graph\">{\"@context\":\"https:\/\/schema.org\",\"@graph\":[{\"@type\":\"WebPage\",\"@id\":\"https:\/\/newinn.com\/tr\/terms-of-use\/\",\"url\":\"https:\/\/newinn.com\/tr\/terms-of-use\/\",\"name\":\"Terms of use | Serviced Apartments | Newinn\",\"isPartOf\":{\"@id\":\"https:\/\/newinn.com\/#website\"},\"datePublished\":\"2022-09-20T10:31:31+00:00\",\"dateModified\":\"2023-11-21T13:17:04+00:00\",\"inLanguage\":\"tr\",\"potentialAction\":[{\"@type\":\"ReadAction\",\"target\":[\"https:\/\/newinn.com\/tr\/terms-of-use\/\"]}]},{\"@type\":\"WebSite\",\"@id\":\"https:\/\/newinn.com\/#website\",\"url\":\"https:\/\/newinn.com\/\",\"name\":\"Serviced Apartments | Newinn\",\"description\":\"\",\"potentialAction\":[{\"@type\":\"SearchAction\",\"target\":{\"@type\":\"EntryPoint\",\"urlTemplate\":\"https:\/\/newinn.com\/?s={search_term_string}\"},\"query-input\":\"required name=search_term_string\"}],\"inLanguage\":\"tr\"}]}<\/script>\n<!-- \/ Yoast SEO plugin. -->","yoast_head_json":{"title":"Terms of use | Serviced Apartments | Newinn","robots":{"index":"index","follow":"follow","max-snippet":"max-snippet:-1","max-image-preview":"max-image-preview:large","max-video-preview":"max-video-preview:-1"},"canonical":"https:\/\/newinn.com\/tr\/terms-of-use\/","og_locale":"tr_TR","og_type":"article","og_title":"Terms of use | Serviced Apartments | Newinn","og_description":"This Website Terms of Use and Privacy Policy contain our policy regarding the terms of use of the Web Site when providing services related to the&nbsp;www.newinn.com&nbsp;site (hereinafter referred to as \u201cWebsite\u201d). User(s) of the Website agree and represent that the Website may have links to other Websites or contents, and\u00a0NEVV\u0130NN TUR\u0130ZM VE OTELC\u0130L\u0130K ANON\u0130M \u015e\u0130RKET\u0130 has no relation in regard to control or accuracy or adequacy of the same, and\u00a0NEVV\u0130NN TUR\u0130ZM VE OTELC\u0130L\u0130K ANON\u0130M \u015e\u0130RKET\u0130 . does not support such sites in any way or does not guarantee their accuracy and has no responsibility for the contents included in those [&hellip;]","og_url":"https:\/\/newinn.com\/tr\/terms-of-use\/","og_site_name":"Serviced Apartments | Newinn","article_modified_time":"2023-11-21T13:17:04+00:00","twitter_card":"summary_large_image","twitter_misc":{"Tahmini okuma s\u00fcresi":"2 dakika"},"schema":{"@context":"https:\/\/schema.org","@graph":[{"@type":"WebPage","@id":"https:\/\/newinn.com\/tr\/terms-of-use\/","url":"https:\/\/newinn.com\/tr\/terms-of-use\/","name":"Terms of use | Serviced Apartments | Newinn","isPartOf":{"@id":"https:\/\/newinn.com\/#website"},"datePublished":"2022-09-20T10:31:31+00:00","dateModified":"2023-11-21T13:17:04+00:00","inLanguage":"tr","potentialAction":[{"@type":"ReadAction","target":["https:\/\/newinn.com\/tr\/terms-of-use\/"]}]},{"@type":"WebSite","@id":"https:\/\/newinn.com\/#website","url":"https:\/\/newinn.com\/","name":"Serviced Apartments | Newinn","description":"","potentialAction":[{"@type":"SearchAction","target":{"@type":"EntryPoint","urlTemplate":"https:\/\/newinn.com\/?s={search_term_string}"},"query-input":"required name=search_term_string"}],"inLanguage":"tr"}]}},"_links":{"self":[{"href":"https:\/\/newinn.com\/tr\/wp-json\/wp\/v2\/pages\/7316","targetHints":{"allow":["GET"]}}],"collection":[{"href":"https:\/\/newinn.com\/tr\/wp-json\/wp\/v2\/pages"}],"about":[{"href":"https:\/\/newinn.com\/tr\/wp-json\/wp\/v2\/types\/page"}],"author":[{"embeddable":true,"href":"https:\/\/newinn.com\/tr\/wp-json\/wp\/v2\/users\/2"}],"replies":[{"embeddable":true,"href":"https:\/\/newinn.com\/tr\/wp-json\/wp\/v2\/comments?post=7316"}],"version-history":[{"count":4,"href":"https:\/\/newinn.com\/tr\/wp-json\/wp\/v2\/pages\/7316\/revisions"}],"predecessor-version":[{"id":17214,"href":"https:\/\/newinn.com\/tr\/wp-json\/wp\/v2\/pages\/7316\/revisions\/17214"}],"wp:attachment":[{"href":"https:\/\/newinn.com\/tr\/wp-json\/wp\/v2\/media?parent=7316"}],"curies":[{"name":"wp","href":"https:\/\/api.w.org\/{rel}","templated":true}]}}