{"id":7323,"date":"2022-09-03T21:24:38","date_gmt":"2022-09-03T18:24:38","guid":{"rendered":"https:\/\/newinn.com\/experience\/"},"modified":"2024-05-28T18:39:03","modified_gmt":"2024-05-28T15:39:03","slug":"deneyim","status":"publish","type":"page","link":"https:\/\/newinn.com\/tr\/deneyim\/","title":{"rendered":"Deneyim"},"content":{"rendered":"<section class=\"wpb-content-wrapper\"><p>[vc_row][vc_column][vc_custom_heading text=&#8221;KONAKLAMANIN EN YEN\u0130 YOLU!&#8221; use_theme_fonts=&#8221;yes&#8221; el_class=&#8221;exaratitle&#8221;][vc_custom_heading text=&#8221;Siz sadece konaklaman\u0131z\u0131n tad\u0131n\u0131 \u00e7\u0131kar\u0131n!<br \/>\nBiz sizin i\u00e7in her detay\u0131 d\u00fc\u015f\u00fcnd\u00fck.&#8221; font_container=&#8221;tag:h1|text_align:left&#8221; use_theme_fonts=&#8221;yes&#8221; el_class=&#8221;ctitle&#8221;][\/vc_column][\/vc_row][vc_row gap=&#8221;30&#8243; equal_height=&#8221;yes&#8221; css=&#8221;.vc_custom_1662229885811{margin-top: 40px !important;}&#8221;][vc_column width=&#8221;1\/4&#8243; css=&#8221;.vc_custom_1662229908035{background-color: #f9f9f9 !important;}&#8221;][vc_single_image image=&#8221;5398&#8243; img_size=&#8221;full&#8221; alignment=&#8221;center&#8221;][vc_custom_heading text=&#8221;NEW INN\u2019deki evinizi bulun&#8221; font_container=&#8221;tag:h3|text_align:center&#8221; use_theme_fonts=&#8221;yes&#8221; el_class=&#8221;ex-box-title&#8221;][vc_column_text]<\/p>\n<p style=\"text-align: center;\">En son daire listelerini, m\u00fcsait daireleri, fiyatlar\u0131 ve daha fazlas\u0131n\u0131 g\u00f6rmek i\u00e7in NEW INN\u2019in dairelerine g\u00f6z at\u0131n.<\/p>\n<p>[\/vc_column_text][\/vc_column][vc_column width=&#8221;1\/4&#8243; css=&#8221;.vc_custom_1662229918777{background-color: #f9f9f9 !important;}&#8221;][vc_single_image image=&#8221;5397&#8243; img_size=&#8221;full&#8221; alignment=&#8221;center&#8221;][vc_custom_heading text=&#8221;Rezervasyon yap\u0131n&#8221; font_container=&#8221;tag:h3|text_align:center&#8221; use_theme_fonts=&#8221;yes&#8221; el_class=&#8221;ex-box-title&#8221;][vc_column_text]<\/p>\n<p style=\"text-align: center;\">M\u00fckemmel NEW INN dairenizi bulduysan\u0131z, kolayca \u00e7evrimi\u00e7i rezervasyon yapabilir, tek bir t\u0131klamayla de\u011fi\u015fiklik yapabilir, g\u00fcvenli bir \u015fekilde \u00f6demenizi ger\u00e7ekle\u015ftirebilir ve yeni eviniz i\u00e7in an\u0131nda imza atabilirsiniz.<\/p>\n<p>[\/vc_column_text][\/vc_column][vc_column width=&#8221;1\/4&#8243; css=&#8221;.vc_custom_1662229922890{background-color: #f9f9f9 !important;}&#8221;][vc_single_image image=&#8221;5399&#8243; img_size=&#8221;full&#8221; alignment=&#8221;center&#8221;][vc_custom_heading text=&#8221;Check-in yap\u0131n&#8221; font_container=&#8221;tag:h3|text_align:center&#8221; use_theme_fonts=&#8221;yes&#8221; el_class=&#8221;ex-box-title&#8221;][vc_column_text]<\/p>\n<p style=\"text-align: center;\">NEW INN&#8217;de check-in ve check-out sadece bir t\u0131k uza\u011f\u0131n\u0131zda. T\u00fcm kiralama ihtiya\u00e7lar\u0131n\u0131z\u0131 an\u0131nda onay e-postan\u0131zla dijital olarak planlay\u0131n.<\/p>\n<p>[\/vc_column_text][\/vc_column][vc_column width=&#8221;1\/4&#8243; css=&#8221;.vc_custom_1662229927642{background-color: #f9f9f9 !important;}&#8221;][vc_single_image image=&#8221;5396&#8243; img_size=&#8221;full&#8221; alignment=&#8221;center&#8221;][vc_custom_heading text=&#8221;Konaklay\u0131n&#8221; font_container=&#8221;tag:h3|text_align:center&#8221; use_theme_fonts=&#8221;yes&#8221; el_class=&#8221;ex-box-title&#8221;][vc_column_text]<\/p>\n<p style=\"text-align: center;\">NEW INN\u2019in daireleri birinci g\u00fcnden itibaren ta\u015f\u0131nmaya haz\u0131r. Dairelerde WiFi, t\u00fcm mutfak gere\u00e7leri, nevresimler\/havlular ve banyo malzemeleri ve t\u00fcm temizlik gere\u00e7leri mevcut.<\/p>\n<p>[\/vc_column_text][\/vc_column][\/vc_row][vc_row css=&#8221;.vc_custom_1662230427469{margin-top: 50px !important;margin-bottom: 25px !important;}&#8221;][vc_column][vc_custom_heading text=&#8221;HEPS\u0130 YEN\u0130, HEPS\u0130 \u0130\u00c7\u0130NDE<br \/>\nNEW INN&#8221; use_theme_fonts=&#8221;yes&#8221; el_class=&#8221;exaratitle&#8221;][vc_custom_heading text=&#8221;T\u00fcrkiye&#8217;de &#8220;Serviced Apartments&#8220; konseptinin \u00f6nc\u00fcs\u00fc olan NEW INN, profesyonel kadrosuyla, \u00fcst\u00fcn hizmet kalitesiyle ve konaklama teknolojileriyle sizlere yepyeni bir konaklama deneyimi sunmaya haz\u0131r.&#8221; font_container=&#8221;tag:h4|text_align:left&#8221; use_theme_fonts=&#8221;yes&#8221; el_class=&#8221;exarabottomtitle&#8221;][\/vc_column][\/vc_row][vc_row full_width=&#8221;stretch_row_content&#8221; content_placement=&#8221;middle&#8221; el_class=&#8221;exrow&#8221;][vc_column width=&#8221;1\/2&#8243;][vc_single_image image=&#8221;5400&#8243; img_size=&#8221;full&#8221; alignment=&#8221;right&#8221;][\/vc_column][vc_column width=&#8221;1\/2&#8243;][vc_custom_heading text=&#8221;Konaklaman\u0131z\u0131 tek t\u0131kla y\u00f6netin.&#8221; font_container=&#8221;tag:h2|text_align:center&#8221; use_theme_fonts=&#8221;yes&#8221; el_class=&#8221;exaratitle max570&#8243;][vc_custom_heading text=&#8221;Whatsapp \u00fczerinden diledi\u011finiz zaman NEW INN\u2019le ileti\u015fime ge\u00e7ebilir ve t\u00fcm ihtiya\u00e7lar\u0131n\u0131z i\u00e7in destek talep edebilirsiniz.&#8221; font_container=&#8221;tag:h4|text_align:center&#8221; use_theme_fonts=&#8221;yes&#8221; el_class=&#8221;exarabottomtitle max570&#8243;][\/vc_column][\/vc_row][vc_row full_width=&#8221;stretch_row_content&#8221; content_placement=&#8221;middle&#8221; el_class=&#8221;exrow mob-row-reverse&#8221;][vc_column width=&#8221;1\/2&#8243;][vc_custom_heading text=&#8221;\u015eehrin tam merkezindesiniz.&#8221; font_container=&#8221;tag:h2|text_align:center&#8221; use_theme_fonts=&#8221;yes&#8221; el_class=&#8221;exaratitle max570&#8243;][vc_custom_heading text=&#8221;Merkezi konumdaki NEW INN dairelerinde seyahatiniz boyunca \u015fehrin kalbinde olacaks\u0131n\u0131z.&#8221; font_container=&#8221;tag:h4|text_align:center&#8221; use_theme_fonts=&#8221;yes&#8221; el_class=&#8221;exarabottomtitle max570&#8243;][\/vc_column][vc_column width=&#8221;1\/2&#8243;][vc_single_image image=&#8221;5401&#8243; img_size=&#8221;full&#8221;][\/vc_column][\/vc_row][vc_row full_width=&#8221;stretch_row_content&#8221; content_placement=&#8221;middle&#8221; el_class=&#8221;exrow&#8221;][vc_column width=&#8221;1\/2&#8243;][vc_single_image image=&#8221;5402&#8243; img_size=&#8221;full&#8221; alignment=&#8221;right&#8221;][\/vc_column][vc_column width=&#8221;1\/2&#8243;][vc_custom_heading text=&#8221;\u0130\u00e7ten d\u0131\u015fa benzersiz.&#8221; font_container=&#8221;tag:h2|text_align:center&#8221; use_theme_fonts=&#8221;yes&#8221; el_class=&#8221;exaratitle max570&#8243;][vc_custom_heading text=&#8221;Y\u00fcksek h\u0131zl\u0131 internet, ak\u0131ll\u0131 TV&#8217;ler, modern ev i\u00e7i e\u011flence ara\u00e7lar\u0131 ve \u00e7ok daha fazlas\u0131 da NEW INN dairelerinde.&#8221; font_container=&#8221;tag:h4|text_align:center&#8221; use_theme_fonts=&#8221;yes&#8221; el_class=&#8221;exarabottomtitle max570&#8243;][\/vc_column][\/vc_row][vc_row full_width=&#8221;stretch_row_content&#8221; content_placement=&#8221;middle&#8221; el_class=&#8221;exrow mob-row-reverse&#8221;][vc_column width=&#8221;1\/2&#8243;][vc_custom_heading text=&#8221;Sadece bir konaklama noktas\u0131 de\u011fil,<br \/>\nama ayn\u0131 zamanda bir yol arkada\u015f\u0131!&#8221; font_container=&#8221;tag:h2|text_align:center&#8221; use_theme_fonts=&#8221;yes&#8221; el_class=&#8221;exaratitle max570&#8243;][vc_custom_heading text=&#8221;NEW INN sadece bir konaklama noktas\u0131 de\u011fil, ayn\u0131 zamanda konuklar\u0131n\u0131n seyahatlerini m\u00fckemmel bir deneyime d\u00f6n\u00fc\u015ft\u00fcrmek i\u00e7in her zaman yanlar\u0131nda olan bir yol arkada\u015f\u0131!&#8221; font_container=&#8221;tag:h4|text_align:center&#8221; use_theme_fonts=&#8221;yes&#8221; el_class=&#8221;exarabottomtitle max570&#8243;][\/vc_column][vc_column width=&#8221;1\/2&#8243;][vc_single_image image=&#8221;5403&#8243; img_size=&#8221;full&#8221;][\/vc_column][\/vc_row][vc_row full_width=&#8221;stretch_row_content&#8221; content_placement=&#8221;middle&#8221; el_class=&#8221;exrow&#8221;][vc_column width=&#8221;1\/2&#8243;][vc_single_image image=&#8221;7261&#8243; img_size=&#8221;full&#8221; alignment=&#8221;right&#8221;][\/vc_column][vc_column width=&#8221;1\/2&#8243;][vc_custom_heading text=&#8221;K\u00fc\u00e7\u00fck ayr\u0131nt\u0131lar b\u00fcy\u00fck fark yarat\u0131r.&#8221; font_container=&#8221;tag:h2|text_align:center&#8221; use_theme_fonts=&#8221;yes&#8221; el_class=&#8221;exaratitle max570&#8243;][vc_custom_heading text=&#8221;K\u0131sa veya uzun s\u00fcreli konaklamalar\u0131n\u0131z i\u00e7in ihtiya\u00e7 duyabilece\u011finiz her \u015fey NEW INN&#8217;deki evinizde.&#8221; font_container=&#8221;tag:h4|text_align:center&#8221; use_theme_fonts=&#8221;yes&#8221; el_class=&#8221;exarabottomtitle max570&#8243;][\/vc_column][\/vc_row][vc_row full_width=&#8221;stretch_row_content&#8221; content_placement=&#8221;middle&#8221; el_class=&#8221;exrow mob-row-reverse&#8221;][vc_column width=&#8221;1\/2&#8243;][vc_custom_heading text=&#8221;L\u00fcks d\u00f6\u015fenmi\u015f &amp; \u00f6zenle tasarlanm\u0131\u015f&#8221; font_container=&#8221;tag:h2|text_align:center&#8221; use_theme_fonts=&#8221;yes&#8221; el_class=&#8221;exaratitle max570&#8243;][vc_custom_heading text=&#8221;5 y\u0131ld\u0131zl\u0131 otel konforundaki l\u00fcks ve mobilyal\u0131 residence dairelerde, seyahatinizin tad\u0131n\u0131 \u00e7\u0131kar\u0131rken kendinizi evinizde hissetmeniz i\u00e7in her s\u0327ey parmaklar\u0131n\u0131z\u0131n ucunda.&#8221; font_container=&#8221;tag:h4|text_align:center&#8221; use_theme_fonts=&#8221;yes&#8221; el_class=&#8221;exarabottomtitle max570&#8243;][\/vc_column][vc_column width=&#8221;1\/2&#8243;][vc_single_image image=&#8221;7165&#8243; img_size=&#8221;full&#8221;][\/vc_column][\/vc_row]<\/p>\n<\/section>","protected":false},"excerpt":{"rendered":"<p>[vc_row][vc_column][vc_custom_heading text=&#8221;KONAKLAMANIN EN YEN\u0130 YOLU!&#8221; use_theme_fonts=&#8221;yes&#8221; el_class=&#8221;exaratitle&#8221;][vc_custom_heading text=&#8221;Siz sadece konaklaman\u0131z\u0131n tad\u0131n\u0131 \u00e7\u0131kar\u0131n! Biz sizin i\u00e7in her detay\u0131 d\u00fc\u015f\u00fcnd\u00fck.&#8221; font_container=&#8221;tag:h1|text_align:left&#8221; use_theme_fonts=&#8221;yes&#8221; el_class=&#8221;ctitle&#8221;][\/vc_column][\/vc_row][vc_row gap=&#8221;30&#8243; equal_height=&#8221;yes&#8221; css=&#8221;.vc_custom_1662229885811{margin-top: 40px !important;}&#8221;][vc_column width=&#8221;1\/4&#8243; css=&#8221;.vc_custom_1662229908035{background-color: #f9f9f9 !important;}&#8221;][vc_single_image image=&#8221;5398&#8243; img_size=&#8221;full&#8221; alignment=&#8221;center&#8221;][vc_custom_heading text=&#8221;NEW INN\u2019deki evinizi bulun&#8221; font_container=&#8221;tag:h3|text_align:center&#8221; use_theme_fonts=&#8221;yes&#8221; el_class=&#8221;ex-box-title&#8221;][vc_column_text] En son daire listelerini, m\u00fcsait daireleri, fiyatlar\u0131 ve daha fazlas\u0131n\u0131 g\u00f6rmek i\u00e7in NEW INN\u2019in dairelerine g\u00f6z at\u0131n. [\/vc_column_text][\/vc_column][vc_column width=&#8221;1\/4&#8243; css=&#8221;.vc_custom_1662229918777{background-color: #f9f9f9 !important;}&#8221;][vc_single_image image=&#8221;5397&#8243; img_size=&#8221;full&#8221; alignment=&#8221;center&#8221;][vc_custom_heading text=&#8221;Rezervasyon yap\u0131n&#8221; font_container=&#8221;tag:h3|text_align:center&#8221; use_theme_fonts=&#8221;yes&#8221; el_class=&#8221;ex-box-title&#8221;][vc_column_text] M\u00fckemmel NEW INN dairenizi bulduysan\u0131z, kolayca \u00e7evrimi\u00e7i rezervasyon yapabilir, tek bir t\u0131klamayla de\u011fi\u015fiklik yapabilir, g\u00fcvenli bir \u015fekilde \u00f6demenizi ger\u00e7ekle\u015ftirebilir ve yeni eviniz i\u00e7in an\u0131nda imza atabilirsiniz. [\/vc_column_text][\/vc_column][vc_column width=&#8221;1\/4&#8243; css=&#8221;.vc_custom_1662229922890{background-color: #f9f9f9 [&hellip;]<\/p>\n","protected":false},"author":2,"featured_media":0,"parent":0,"menu_order":0,"comment_status":"closed","ping_status":"closed","template":"page-no-title.php","meta":{"footnotes":""},"class_list":["post-7323","page","type-page","status-publish","hentry"],"yoast_head":"<!-- This site is optimized with the Yoast SEO plugin v20.11 - https:\/\/yoast.com\/wordpress\/plugins\/seo\/ -->\n<title>Deneyim | Serviced Apartments | Newinn<\/title>\n<meta name=\"robots\" content=\"index, follow, max-snippet:-1, max-image-preview:large, max-video-preview:-1\" \/>\n<link rel=\"canonical\" href=\"https:\/\/newinn.com\/tr\/deneyim\/\" \/>\n<meta property=\"og:locale\" content=\"tr_TR\" \/>\n<meta property=\"og:type\" content=\"article\" \/>\n<meta property=\"og:title\" content=\"Deneyim | Serviced Apartments | Newinn\" \/>\n<meta property=\"og:description\" content=\"[vc_row][vc_column][vc_custom_heading text=&#8221;KONAKLAMANIN EN YEN\u0130 YOLU!&#8221; use_theme_fonts=&#8221;yes&#8221; el_class=&#8221;exaratitle&#8221;][vc_custom_heading text=&#8221;Siz sadece konaklaman\u0131z\u0131n tad\u0131n\u0131 \u00e7\u0131kar\u0131n! Biz sizin i\u00e7in her detay\u0131 d\u00fc\u015f\u00fcnd\u00fck.&#8221; font_container=&#8221;tag:h1|text_align:left&#8221; use_theme_fonts=&#8221;yes&#8221; el_class=&#8221;ctitle&#8221;][\/vc_column][\/vc_row][vc_row gap=&#8221;30&#8243; equal_height=&#8221;yes&#8221; css=&#8221;.vc_custom_1662229885811{margin-top: 40px !important;}&#8221;][vc_column width=&#8221;1\/4&#8243; css=&#8221;.vc_custom_1662229908035{background-color: #f9f9f9 !important;}&#8221;][vc_single_image image=&#8221;5398&#8243; img_size=&#8221;full&#8221; alignment=&#8221;center&#8221;][vc_custom_heading text=&#8221;NEW INN\u2019deki evinizi bulun&#8221; font_container=&#8221;tag:h3|text_align:center&#8221; use_theme_fonts=&#8221;yes&#8221; el_class=&#8221;ex-box-title&#8221;][vc_column_text] En son daire listelerini, m\u00fcsait daireleri, fiyatlar\u0131 ve daha fazlas\u0131n\u0131 g\u00f6rmek i\u00e7in NEW INN\u2019in dairelerine g\u00f6z at\u0131n. [\/vc_column_text][\/vc_column][vc_column width=&#8221;1\/4&#8243; css=&#8221;.vc_custom_1662229918777{background-color: #f9f9f9 !important;}&#8221;][vc_single_image image=&#8221;5397&#8243; img_size=&#8221;full&#8221; alignment=&#8221;center&#8221;][vc_custom_heading text=&#8221;Rezervasyon yap\u0131n&#8221; font_container=&#8221;tag:h3|text_align:center&#8221; use_theme_fonts=&#8221;yes&#8221; el_class=&#8221;ex-box-title&#8221;][vc_column_text] M\u00fckemmel NEW INN dairenizi bulduysan\u0131z, kolayca \u00e7evrimi\u00e7i rezervasyon yapabilir, tek bir t\u0131klamayla de\u011fi\u015fiklik yapabilir, g\u00fcvenli bir \u015fekilde \u00f6demenizi ger\u00e7ekle\u015ftirebilir ve yeni eviniz i\u00e7in an\u0131nda imza atabilirsiniz. [\/vc_column_text][\/vc_column][vc_column width=&#8221;1\/4&#8243; css=&#8221;.vc_custom_1662229922890{background-color: #f9f9f9 [&hellip;]\" \/>\n<meta property=\"og:url\" content=\"https:\/\/newinn.com\/tr\/deneyim\/\" \/>\n<meta property=\"og:site_name\" content=\"Serviced Apartments | Newinn\" \/>\n<meta property=\"article:modified_time\" content=\"2024-05-28T15:39:03+00:00\" \/>\n<meta name=\"twitter:card\" content=\"summary_large_image\" \/>\n<meta name=\"twitter:label1\" content=\"Tahmini okuma s\u00fcresi\" \/>\n\t<meta name=\"twitter:data1\" content=\"2 dakika\" \/>\n<script type=\"application\/ld+json\" class=\"yoast-schema-graph\">{\"@context\":\"https:\/\/schema.org\",\"@graph\":[{\"@type\":\"WebPage\",\"@id\":\"https:\/\/newinn.com\/tr\/deneyim\/\",\"url\":\"https:\/\/newinn.com\/tr\/deneyim\/\",\"name\":\"Deneyim | Serviced Apartments | Newinn\",\"isPartOf\":{\"@id\":\"https:\/\/newinn.com\/#website\"},\"datePublished\":\"2022-09-03T18:24:38+00:00\",\"dateModified\":\"2024-05-28T15:39:03+00:00\",\"inLanguage\":\"tr\",\"potentialAction\":[{\"@type\":\"ReadAction\",\"target\":[\"https:\/\/newinn.com\/tr\/deneyim\/\"]}]},{\"@type\":\"WebSite\",\"@id\":\"https:\/\/newinn.com\/#website\",\"url\":\"https:\/\/newinn.com\/\",\"name\":\"Serviced Apartments | Newinn\",\"description\":\"\",\"potentialAction\":[{\"@type\":\"SearchAction\",\"target\":{\"@type\":\"EntryPoint\",\"urlTemplate\":\"https:\/\/newinn.com\/?s={search_term_string}\"},\"query-input\":\"required name=search_term_string\"}],\"inLanguage\":\"tr\"}]}<\/script>\n<!-- \/ Yoast SEO plugin. -->","yoast_head_json":{"title":"Deneyim | Serviced Apartments | Newinn","robots":{"index":"index","follow":"follow","max-snippet":"max-snippet:-1","max-image-preview":"max-image-preview:large","max-video-preview":"max-video-preview:-1"},"canonical":"https:\/\/newinn.com\/tr\/deneyim\/","og_locale":"tr_TR","og_type":"article","og_title":"Deneyim | Serviced Apartments | Newinn","og_description":"[vc_row][vc_column][vc_custom_heading text=&#8221;KONAKLAMANIN EN YEN\u0130 YOLU!&#8221; use_theme_fonts=&#8221;yes&#8221; el_class=&#8221;exaratitle&#8221;][vc_custom_heading text=&#8221;Siz sadece konaklaman\u0131z\u0131n tad\u0131n\u0131 \u00e7\u0131kar\u0131n! Biz sizin i\u00e7in her detay\u0131 d\u00fc\u015f\u00fcnd\u00fck.&#8221; font_container=&#8221;tag:h1|text_align:left&#8221; use_theme_fonts=&#8221;yes&#8221; el_class=&#8221;ctitle&#8221;][\/vc_column][\/vc_row][vc_row gap=&#8221;30&#8243; equal_height=&#8221;yes&#8221; css=&#8221;.vc_custom_1662229885811{margin-top: 40px !important;}&#8221;][vc_column width=&#8221;1\/4&#8243; css=&#8221;.vc_custom_1662229908035{background-color: #f9f9f9 !important;}&#8221;][vc_single_image image=&#8221;5398&#8243; img_size=&#8221;full&#8221; alignment=&#8221;center&#8221;][vc_custom_heading text=&#8221;NEW INN\u2019deki evinizi bulun&#8221; font_container=&#8221;tag:h3|text_align:center&#8221; use_theme_fonts=&#8221;yes&#8221; el_class=&#8221;ex-box-title&#8221;][vc_column_text] En son daire listelerini, m\u00fcsait daireleri, fiyatlar\u0131 ve daha fazlas\u0131n\u0131 g\u00f6rmek i\u00e7in NEW INN\u2019in dairelerine g\u00f6z at\u0131n. [\/vc_column_text][\/vc_column][vc_column width=&#8221;1\/4&#8243; css=&#8221;.vc_custom_1662229918777{background-color: #f9f9f9 !important;}&#8221;][vc_single_image image=&#8221;5397&#8243; img_size=&#8221;full&#8221; alignment=&#8221;center&#8221;][vc_custom_heading text=&#8221;Rezervasyon yap\u0131n&#8221; font_container=&#8221;tag:h3|text_align:center&#8221; use_theme_fonts=&#8221;yes&#8221; el_class=&#8221;ex-box-title&#8221;][vc_column_text] M\u00fckemmel NEW INN dairenizi bulduysan\u0131z, kolayca \u00e7evrimi\u00e7i rezervasyon yapabilir, tek bir t\u0131klamayla de\u011fi\u015fiklik yapabilir, g\u00fcvenli bir \u015fekilde \u00f6demenizi ger\u00e7ekle\u015ftirebilir ve yeni eviniz i\u00e7in an\u0131nda imza atabilirsiniz. [\/vc_column_text][\/vc_column][vc_column width=&#8221;1\/4&#8243; css=&#8221;.vc_custom_1662229922890{background-color: #f9f9f9 [&hellip;]","og_url":"https:\/\/newinn.com\/tr\/deneyim\/","og_site_name":"Serviced Apartments | Newinn","article_modified_time":"2024-05-28T15:39:03+00:00","twitter_card":"summary_large_image","twitter_misc":{"Tahmini okuma s\u00fcresi":"2 dakika"},"schema":{"@context":"https:\/\/schema.org","@graph":[{"@type":"WebPage","@id":"https:\/\/newinn.com\/tr\/deneyim\/","url":"https:\/\/newinn.com\/tr\/deneyim\/","name":"Deneyim | Serviced Apartments | Newinn","isPartOf":{"@id":"https:\/\/newinn.com\/#website"},"datePublished":"2022-09-03T18:24:38+00:00","dateModified":"2024-05-28T15:39:03+00:00","inLanguage":"tr","potentialAction":[{"@type":"ReadAction","target":["https:\/\/newinn.com\/tr\/deneyim\/"]}]},{"@type":"WebSite","@id":"https:\/\/newinn.com\/#website","url":"https:\/\/newinn.com\/","name":"Serviced Apartments | Newinn","description":"","potentialAction":[{"@type":"SearchAction","target":{"@type":"EntryPoint","urlTemplate":"https:\/\/newinn.com\/?s={search_term_string}"},"query-input":"required name=search_term_string"}],"inLanguage":"tr"}]}},"_links":{"self":[{"href":"https:\/\/newinn.com\/tr\/wp-json\/wp\/v2\/pages\/7323","targetHints":{"allow":["GET"]}}],"collection":[{"href":"https:\/\/newinn.com\/tr\/wp-json\/wp\/v2\/pages"}],"about":[{"href":"https:\/\/newinn.com\/tr\/wp-json\/wp\/v2\/types\/page"}],"author":[{"embeddable":true,"href":"https:\/\/newinn.com\/tr\/wp-json\/wp\/v2\/users\/2"}],"replies":[{"embeddable":true,"href":"https:\/\/newinn.com\/tr\/wp-json\/wp\/v2\/comments?post=7323"}],"version-history":[{"count":19,"href":"https:\/\/newinn.com\/tr\/wp-json\/wp\/v2\/pages\/7323\/revisions"}],"predecessor-version":[{"id":18021,"href":"https:\/\/newinn.com\/tr\/wp-json\/wp\/v2\/pages\/7323\/revisions\/18021"}],"wp:attachment":[{"href":"https:\/\/newinn.com\/tr\/wp-json\/wp\/v2\/media?parent=7323"}],"curies":[{"name":"wp","href":"https:\/\/api.w.org\/{rel}","templated":true}]}}