{"id":7324,"date":"2022-09-03T21:01:28","date_gmt":"2022-09-03T18:01:28","guid":{"rendered":"https:\/\/newinn.com\/contact\/"},"modified":"2024-11-13T12:41:35","modified_gmt":"2024-11-13T09:41:35","slug":"iletisim","status":"publish","type":"page","link":"https:\/\/newinn.com\/tr\/iletisim\/","title":{"rendered":"\u0130leti\u015fim"},"content":{"rendered":"<section class=\"wpb-content-wrapper\"><p>[vc_row][vc_column width=&#8221;1\/2&#8243;][vc_custom_heading text=&#8221;\u0130leti\u015fim Bilgileri&#8221; use_theme_fonts=&#8221;yes&#8221; css=&#8221;.vc_custom_1663843167983{padding-bottom: 15px !important;}&#8221;][vc_column_text el_class=&#8221;contactlink&#8221;]<strong>Adres:<\/strong> Mecidiyek\u00f6y Mahallesi, B\u00fcy\u00fckdere Caddesi,<br \/>\nStad Han, No:85, Kat:5, Kap\u0131 No:10 \u015ei\u015fli \/ \u0130STANBUL<\/p>\n<p><strong>Telefon: <\/strong><a href=\"tel:+902128001919\" target=\"_blank\" rel=\"noopener\">+90 (212) 800 19 19<\/a><\/p>\n<p><strong>WhatsApp: <\/strong><a href=\"https:\/\/wa.me\/+902128001919\" target=\"_blank\" rel=\"noopener\">+90 (212) 800 19 19<\/a><\/p>\n<p><strong>E-Mail:<\/strong> <a href=\"mailto:reservations@newinn.com\">reservations@newinn.com<\/a>[\/vc_column_text][vc_row_inner][vc_column_inner width=&#8221;2\/3&#8243;][vc_custom_heading text=&#8221;\u0130leti\u015fim Formu&#8221; use_theme_fonts=&#8221;yes&#8221; css=&#8221;.vc_custom_1663843188626{padding-bottom: 0px !important;}&#8221;][vc_raw_html]JTVCY29udGFjdC1mb3JtLTclMjBpZCUzRCUyMjJjMzRiZTAlMjIlMjB0aXRsZSUzRCUyMiVDNCVCMGxldGklQzUlOUZpbSUyMEZvcm11JTIyJTVE[\/vc_raw_html][\/vc_column_inner][vc_column_inner width=&#8221;1\/3&#8243;][\/vc_column_inner][\/vc_row_inner][\/vc_column][vc_column width=&#8221;1\/2&#8243;][vc_custom_heading text=&#8221;Konum&#8221; use_theme_fonts=&#8221;yes&#8221; css=&#8221;.vc_custom_1663843179948{padding-bottom: 15px !important;}&#8221;][vc_gmaps link=&#8221;#E-8_JTNDaWZyYW1lJTIwc3JjJTNEJTIyaHR0cHMlM0ElMkYlMkZ3d3cuZ29vZ2xlLmNvbSUyRm1hcHMlMkZlbWJlZCUzRnBiJTNEJTIxMW0xOCUyMTFtMTIlMjExbTMlMjExZDQ4MTUxLjQ3Nzc3MTUzODE2NCUyMTJkMjguOTM1NzA4MDc2NzE3MzklMjEzZDQxLjAzNjkwNzYzMzg0NDI4JTIxMm0zJTIxMWYwJTIxMmYwJTIxM2YwJTIxM20yJTIxMWkxMDI0JTIxMmk3NjglMjE0ZjEzLjElMjEzbTMlMjExbTIlMjExczB4MTRjYWI3ZTAzZTY4MmE1ZiUyNTNBMHg2ZmZkMDkxMjA0OGVmYmEyJTIxMnNORVclMjUyMElOTiUyMTVlMCUyMTNtMiUyMTFzdHIlMjEyc3RyJTIxNHYxNjkyMTc1MTkyMjE2JTIxNW0yJTIxMXN0ciUyMTJzdHIlMjIlMjB3aWR0aCUzRCUyMjEwMCUyNSUyMiUyMGhlaWdodCUzRCUyMjQ2NSUyMiUyMHN0eWxlJTNEJTIyYm9yZGVyJTNBMCUzQiUyMiUyMGFsbG93ZnVsbHNjcmVlbiUzRCUyMiUyMiUyMGxvYWRpbmclM0QlMjJsYXp5JTIyJTIwcmVmZXJyZXJwb2xpY3klM0QlMjJuby1yZWZlcnJlci13aGVuLWRvd25ncmFkZSUyMiUzRSUzQyUyRmlmcmFtZSUzRQ==&#8221;][\/vc_column][\/vc_row][vc_row el_class=&#8221;d-none&#8221;][vc_column][vc_raw_html]JTNDc2NyaXB0JTNFJTBBJTIwJTIwJTIwJTIwJTJGJTJGJTIwJUM0JUIwbGV0aSVDNSU5RmltJTIwc2F5ZmFzJUM0JUIxbmRhJTIwZyVDMyVCNm5kZXJpbGVjZWslMjBpbGV0aSVDNSU5RmltJTIwZm9ybWxhciVDNCVCMSUyMHNheWFjYWslMjBldmVudCVFMiU4MCU5OXRpci4lMEElMjAlMjAlMjAlMjBkYXRhTGF5ZXIucHVzaCUyOCU3QiUwQSUyMCUyMCUyMCUyMCUyMCUyMCUyMCUyMCUyN2V2ZW50JTI3JTNBJTIwJTI3Y29udGFjdF9mb3JtJTI3JTJDJTIwJTJGJTJGJTIwYmElQzUlOUZhciVDNCVCMWwlQzQlQjElMjBpbGV0aSVDNSU5RmltJTIwZm9ybXUlMjBnJUMzJUI2bmRlcmltaW5kZSUyMCVDMyVBN2FsJUM0JUIxJUM1JTlGdCVDNCVCMXIlQzQlQjFsYWNhayUyMGV2ZW50JTI3aW4lMjBhZCVDNCVCMWQlQzQlQjFyJTBBJTIwJTIwJTIwJTIwJTIwJTIwJTIwJTIwJTI3bmFtZSUyNyUzQSUyMCUyNyVDMyU4N2ElQzQlOUZkYSVDNSU5RiUyMFBvbGF0JTI3JTJDJTIwJTJGJTJGZm9ybXUlMjBkb2xkdXJhbiUyMGt1bGxhbiVDNCVCMWMlQzQlQjFuJUM0JUIxbiUyMGclQzMlQjZuZGVyZGklQzQlOUZpJTIwYWQlQzQlQjElMjBzb3lhZCVDNCVCMSUyMGclQzMlQjZuZGVyaWxpciUwQSUyMCUyMCUyMCUyMCUyMCUyMCUyMCUyMCUyN21lc3NhZ2UlMjclM0ElMjAlMjd0ZXN0JTIwbWVzYWolQzQlQjFkJUM0JUIxciUyNyUyQyUyMCUyRiUyRmZvcm11JTIwZG9sZHVyYW4lMjBrdWxsYW4lQzQlQjFjJUM0JUIxbiVDNCVCMW4lMjBnJUMzJUI2bmRlcmRpJUM0JTlGaSUyMG1lc2FqZCVDNCVCMXIlMjBnJUMzJUI2bmRlcmlsaXIlMEElMjAlMjAlMjAlMjAlMjAlMjAlMjAlMjAlMjdwaG9uZSUyNyUzQSUyMCUyNzUwNTI3NjczNTMlMjclMkMlMjAlMkYlMkZmb3JtdSUyMGRvbGR1cmFuJTIwa3VsbGFuJUM0JUIxYyVDNCVCMW4lQzQlQjFuJTIwZyVDMyVCNm5kZXJkaSVDNCU5RmklMjB0ZWxlZm9udSUyMGclQzMlQjZuZGVyaWxpciUwQSUyMCUyMCUyMCUyMCUyMCUyMCUyMCUyMCUyN2VtYWlsJTI3JTNBJTIwJTI3Y2FnZGFzJTQwbWVkaWFzdG9yZS5jb20udHIlMjclMjAlMkYlMkZmb3JtdSUyMGRvbGR1cmFuJTIwa3VsbGFuJUM0JUIxYyVDNCVCMW4lQzQlQjFuJTIwZyVDMyVCNm5kZXJkaSVDNCU5RmklMjBlbWFpbCUyN2klMjBnJUMzJUI2bmRlcmlsaXIlMEElMjAlMjAlMjAlMjAlN0QlMjklM0IlMEElM0MlMkZzY3JpcHQlM0U=[\/vc_raw_html][\/vc_column][\/vc_row]<\/p>\n<\/section>","protected":false},"excerpt":{"rendered":"<p>[vc_row][vc_column width=&#8221;1\/2&#8243;][vc_custom_heading text=&#8221;\u0130leti\u015fim Bilgileri&#8221; use_theme_fonts=&#8221;yes&#8221; css=&#8221;.vc_custom_1663843167983{padding-bottom: 15px !important;}&#8221;][vc_column_text el_class=&#8221;contactlink&#8221;]Adres: Mecidiyek\u00f6y Mahallesi, B\u00fcy\u00fckdere Caddesi, Stad Han, No:85, Kat:5, Kap\u0131 No:10 \u015ei\u015fli \/ \u0130STANBUL Telefon: +90 (212) 800 19 19 WhatsApp: +90 (212) 800 19 19 E-Mail: reservations@newinn.com[\/vc_column_text][vc_row_inner][vc_column_inner width=&#8221;2\/3&#8243;][vc_custom_heading text=&#8221;\u0130leti\u015fim Formu&#8221; use_theme_fonts=&#8221;yes&#8221; css=&#8221;.vc_custom_1663843188626{padding-bottom: 0px !important;}&#8221;][vc_raw_html]JTVCY29udGFjdC1mb3JtLTclMjBpZCUzRCUyMjJjMzRiZTAlMjIlMjB0aXRsZSUzRCUyMiVDNCVCMGxldGklQzUlOUZpbSUyMEZvcm11JTIyJTVE[\/vc_raw_html][\/vc_column_inner][vc_column_inner width=&#8221;1\/3&#8243;][\/vc_column_inner][\/vc_row_inner][\/vc_column][vc_column width=&#8221;1\/2&#8243;][vc_custom_heading text=&#8221;Konum&#8221; use_theme_fonts=&#8221;yes&#8221; css=&#8221;.vc_custom_1663843179948{padding-bottom: 15px !important;}&#8221;][vc_gmaps link=&#8221;#E-8_JTNDaWZyYW1lJTIwc3JjJTNEJTIyaHR0cHMlM0ElMkYlMkZ3d3cuZ29vZ2xlLmNvbSUyRm1hcHMlMkZlbWJlZCUzRnBiJTNEJTIxMW0xOCUyMTFtMTIlMjExbTMlMjExZDQ4MTUxLjQ3Nzc3MTUzODE2NCUyMTJkMjguOTM1NzA4MDc2NzE3MzklMjEzZDQxLjAzNjkwNzYzMzg0NDI4JTIxMm0zJTIxMWYwJTIxMmYwJTIxM2YwJTIxM20yJTIxMWkxMDI0JTIxMmk3NjglMjE0ZjEzLjElMjEzbTMlMjExbTIlMjExczB4MTRjYWI3ZTAzZTY4MmE1ZiUyNTNBMHg2ZmZkMDkxMjA0OGVmYmEyJTIxMnNORVclMjUyMElOTiUyMTVlMCUyMTNtMiUyMTFzdHIlMjEyc3RyJTIxNHYxNjkyMTc1MTkyMjE2JTIxNW0yJTIxMXN0ciUyMTJzdHIlMjIlMjB3aWR0aCUzRCUyMjEwMCUyNSUyMiUyMGhlaWdodCUzRCUyMjQ2NSUyMiUyMHN0eWxlJTNEJTIyYm9yZGVyJTNBMCUzQiUyMiUyMGFsbG93ZnVsbHNjcmVlbiUzRCUyMiUyMiUyMGxvYWRpbmclM0QlMjJsYXp5JTIyJTIwcmVmZXJyZXJwb2xpY3klM0QlMjJuby1yZWZlcnJlci13aGVuLWRvd25ncmFkZSUyMiUzRSUzQyUyRmlmcmFtZSUzRQ==&#8221;][\/vc_column][\/vc_row][vc_row el_class=&#8221;d-none&#8221;][vc_column][vc_raw_html]JTNDc2NyaXB0JTNFJTBBJTIwJTIwJTIwJTIwJTJGJTJGJTIwJUM0JUIwbGV0aSVDNSU5RmltJTIwc2F5ZmFzJUM0JUIxbmRhJTIwZyVDMyVCNm5kZXJpbGVjZWslMjBpbGV0aSVDNSU5RmltJTIwZm9ybWxhciVDNCVCMSUyMHNheWFjYWslMjBldmVudCVFMiU4MCU5OXRpci4lMEElMjAlMjAlMjAlMjBkYXRhTGF5ZXIucHVzaCUyOCU3QiUwQSUyMCUyMCUyMCUyMCUyMCUyMCUyMCUyMCUyN2V2ZW50JTI3JTNBJTIwJTI3Y29udGFjdF9mb3JtJTI3JTJDJTIwJTJGJTJGJTIwYmElQzUlOUZhciVDNCVCMWwlQzQlQjElMjBpbGV0aSVDNSU5RmltJTIwZm9ybXUlMjBnJUMzJUI2bmRlcmltaW5kZSUyMCVDMyVBN2FsJUM0JUIxJUM1JTlGdCVDNCVCMXIlQzQlQjFsYWNhayUyMGV2ZW50JTI3aW4lMjBhZCVDNCVCMWQlQzQlQjFyJTBBJTIwJTIwJTIwJTIwJTIwJTIwJTIwJTIwJTI3bmFtZSUyNyUzQSUyMCUyNyVDMyU4N2ElQzQlOUZkYSVDNSU5RiUyMFBvbGF0JTI3JTJDJTIwJTJGJTJGZm9ybXUlMjBkb2xkdXJhbiUyMGt1bGxhbiVDNCVCMWMlQzQlQjFuJUM0JUIxbiUyMGclQzMlQjZuZGVyZGklQzQlOUZpJTIwYWQlQzQlQjElMjBzb3lhZCVDNCVCMSUyMGclQzMlQjZuZGVyaWxpciUwQSUyMCUyMCUyMCUyMCUyMCUyMCUyMCUyMCUyN21lc3NhZ2UlMjclM0ElMjAlMjd0ZXN0JTIwbWVzYWolQzQlQjFkJUM0JUIxciUyNyUyQyUyMCUyRiUyRmZvcm11JTIwZG9sZHVyYW4lMjBrdWxsYW4lQzQlQjFjJUM0JUIxbiVDNCVCMW4lMjBnJUMzJUI2bmRlcmRpJUM0JTlGaSUyMG1lc2FqZCVDNCVCMXIlMjBnJUMzJUI2bmRlcmlsaXIlMEElMjAlMjAlMjAlMjAlMjAlMjAlMjAlMjAlMjdwaG9uZSUyNyUzQSUyMCUyNzUwNTI3NjczNTMlMjclMkMlMjAlMkYlMkZmb3JtdSUyMGRvbGR1cmFuJTIwa3VsbGFuJUM0JUIxYyVDNCVCMW4lQzQlQjFuJTIwZyVDMyVCNm5kZXJkaSVDNCU5RmklMjB0ZWxlZm9udSUyMGclQzMlQjZuZGVyaWxpciUwQSUyMCUyMCUyMCUyMCUyMCUyMCUyMCUyMCUyN2VtYWlsJTI3JTNBJTIwJTI3Y2FnZGFzJTQwbWVkaWFzdG9yZS5jb20udHIlMjclMjAlMkYlMkZmb3JtdSUyMGRvbGR1cmFuJTIwa3VsbGFuJUM0JUIxYyVDNCVCMW4lQzQlQjFuJTIwZyVDMyVCNm5kZXJkaSVDNCU5RmklMjBlbWFpbCUyN2klMjBnJUMzJUI2bmRlcmlsaXIlMEElMjAlMjAlMjAlMjAlN0QlMjklM0IlMEElM0MlMkZzY3JpcHQlM0U=[\/vc_raw_html][\/vc_column][\/vc_row]<\/p>\n","protected":false},"author":2,"featured_media":0,"parent":0,"menu_order":0,"comment_status":"closed","ping_status":"closed","template":"","meta":{"footnotes":""},"class_list":["post-7324","page","type-page","status-publish","hentry"],"yoast_head":"<!-- This site is optimized with the Yoast SEO plugin v20.11 - https:\/\/yoast.com\/wordpress\/plugins\/seo\/ -->\n<title>\u0130leti\u015fim | Serviced Apartments | Newinn<\/title>\n<meta name=\"robots\" content=\"index, follow, max-snippet:-1, max-image-preview:large, max-video-preview:-1\" \/>\n<link rel=\"canonical\" href=\"https:\/\/newinn.com\/tr\/iletisim\/\" \/>\n<meta property=\"og:locale\" content=\"tr_TR\" \/>\n<meta property=\"og:type\" content=\"article\" \/>\n<meta property=\"og:title\" content=\"\u0130leti\u015fim | Serviced Apartments | Newinn\" \/>\n<meta property=\"og:description\" content=\"[vc_row][vc_column width=&#8221;1\/2&#8243;][vc_custom_heading text=&#8221;\u0130leti\u015fim Bilgileri&#8221; use_theme_fonts=&#8221;yes&#8221; css=&#8221;.vc_custom_1663843167983{padding-bottom: 15px !important;}&#8221;][vc_column_text el_class=&#8221;contactlink&#8221;]Adres: Mecidiyek\u00f6y Mahallesi, B\u00fcy\u00fckdere Caddesi, Stad Han, No:85, Kat:5, Kap\u0131 No:10 \u015ei\u015fli \/ \u0130STANBUL Telefon: +90 (212) 800 19 19 WhatsApp: +90 (212) 800 19 19 E-Mail: reservations@newinn.com[\/vc_column_text][vc_row_inner][vc_column_inner width=&#8221;2\/3&#8243;][vc_custom_heading text=&#8221;\u0130leti\u015fim Formu&#8221; use_theme_fonts=&#8221;yes&#8221; css=&#8221;.vc_custom_1663843188626{padding-bottom: 0px !important;}&#8221;][vc_raw_html]JTVCY29udGFjdC1mb3JtLTclMjBpZCUzRCUyMjJjMzRiZTAlMjIlMjB0aXRsZSUzRCUyMiVDNCVCMGxldGklQzUlOUZpbSUyMEZvcm11JTIyJTVE[\/vc_raw_html][\/vc_column_inner][vc_column_inner width=&#8221;1\/3&#8243;][\/vc_column_inner][\/vc_row_inner][\/vc_column][vc_column width=&#8221;1\/2&#8243;][vc_custom_heading text=&#8221;Konum&#8221; use_theme_fonts=&#8221;yes&#8221; css=&#8221;.vc_custom_1663843179948{padding-bottom: 15px !important;}&#8221;][vc_gmaps link=&#8221;#E-8_JTNDaWZyYW1lJTIwc3JjJTNEJTIyaHR0cHMlM0ElMkYlMkZ3d3cuZ29vZ2xlLmNvbSUyRm1hcHMlMkZlbWJlZCUzRnBiJTNEJTIxMW0xOCUyMTFtMTIlMjExbTMlMjExZDQ4MTUxLjQ3Nzc3MTUzODE2NCUyMTJkMjguOTM1NzA4MDc2NzE3MzklMjEzZDQxLjAzNjkwNzYzMzg0NDI4JTIxMm0zJTIxMWYwJTIxMmYwJTIxM2YwJTIxM20yJTIxMWkxMDI0JTIxMmk3NjglMjE0ZjEzLjElMjEzbTMlMjExbTIlMjExczB4MTRjYWI3ZTAzZTY4MmE1ZiUyNTNBMHg2ZmZkMDkxMjA0OGVmYmEyJTIxMnNORVclMjUyMElOTiUyMTVlMCUyMTNtMiUyMTFzdHIlMjEyc3RyJTIxNHYxNjkyMTc1MTkyMjE2JTIxNW0yJTIxMXN0ciUyMTJzdHIlMjIlMjB3aWR0aCUzRCUyMjEwMCUyNSUyMiUyMGhlaWdodCUzRCUyMjQ2NSUyMiUyMHN0eWxlJTNEJTIyYm9yZGVyJTNBMCUzQiUyMiUyMGFsbG93ZnVsbHNjcmVlbiUzRCUyMiUyMiUyMGxvYWRpbmclM0QlMjJsYXp5JTIyJTIwcmVmZXJyZXJwb2xpY3klM0QlMjJuby1yZWZlcnJlci13aGVuLWRvd25ncmFkZSUyMiUzRSUzQyUyRmlmcmFtZSUzRQ==&#8221;][\/vc_column][\/vc_row][vc_row el_class=&#8221;d-none&#8221;][vc_column][vc_raw_html]JTNDc2NyaXB0JTNFJTBBJTIwJTIwJTIwJTIwJTJGJTJGJTIwJUM0JUIwbGV0aSVDNSU5RmltJTIwc2F5ZmFzJUM0JUIxbmRhJTIwZyVDMyVCNm5kZXJpbGVjZWslMjBpbGV0aSVDNSU5RmltJTIwZm9ybWxhciVDNCVCMSUyMHNheWFjYWslMjBldmVudCVFMiU4MCU5OXRpci4lMEElMjAlMjAlMjAlMjBkYXRhTGF5ZXIucHVzaCUyOCU3QiUwQSUyMCUyMCUyMCUyMCUyMCUyMCUyMCUyMCUyN2V2ZW50JTI3JTNBJTIwJTI3Y29udGFjdF9mb3JtJTI3JTJDJTIwJTJGJTJGJTIwYmElQzUlOUZhciVDNCVCMWwlQzQlQjElMjBpbGV0aSVDNSU5RmltJTIwZm9ybXUlMjBnJUMzJUI2bmRlcmltaW5kZSUyMCVDMyVBN2FsJUM0JUIxJUM1JTlGdCVDNCVCMXIlQzQlQjFsYWNhayUyMGV2ZW50JTI3aW4lMjBhZCVDNCVCMWQlQzQlQjFyJTBBJTIwJTIwJTIwJTIwJTIwJTIwJTIwJTIwJTI3bmFtZSUyNyUzQSUyMCUyNyVDMyU4N2ElQzQlOUZkYSVDNSU5RiUyMFBvbGF0JTI3JTJDJTIwJTJGJTJGZm9ybXUlMjBkb2xkdXJhbiUyMGt1bGxhbiVDNCVCMWMlQzQlQjFuJUM0JUIxbiUyMGclQzMlQjZuZGVyZGklQzQlOUZpJTIwYWQlQzQlQjElMjBzb3lhZCVDNCVCMSUyMGclQzMlQjZuZGVyaWxpciUwQSUyMCUyMCUyMCUyMCUyMCUyMCUyMCUyMCUyN21lc3NhZ2UlMjclM0ElMjAlMjd0ZXN0JTIwbWVzYWolQzQlQjFkJUM0JUIxciUyNyUyQyUyMCUyRiUyRmZvcm11JTIwZG9sZHVyYW4lMjBrdWxsYW4lQzQlQjFjJUM0JUIxbiVDNCVCMW4lMjBnJUMzJUI2bmRlcmRpJUM0JTlGaSUyMG1lc2FqZCVDNCVCMXIlMjBnJUMzJUI2bmRlcmlsaXIlMEElMjAlMjAlMjAlMjAlMjAlMjAlMjAlMjAlMjdwaG9uZSUyNyUzQSUyMCUyNzUwNTI3NjczNTMlMjclMkMlMjAlMkYlMkZmb3JtdSUyMGRvbGR1cmFuJTIwa3VsbGFuJUM0JUIxYyVDNCVCMW4lQzQlQjFuJTIwZyVDMyVCNm5kZXJkaSVDNCU5RmklMjB0ZWxlZm9udSUyMGclQzMlQjZuZGVyaWxpciUwQSUyMCUyMCUyMCUyMCUyMCUyMCUyMCUyMCUyN2VtYWlsJTI3JTNBJTIwJTI3Y2FnZGFzJTQwbWVkaWFzdG9yZS5jb20udHIlMjclMjAlMkYlMkZmb3JtdSUyMGRvbGR1cmFuJTIwa3VsbGFuJUM0JUIxYyVDNCVCMW4lQzQlQjFuJTIwZyVDMyVCNm5kZXJkaSVDNCU5RmklMjBlbWFpbCUyN2klMjBnJUMzJUI2bmRlcmlsaXIlMEElMjAlMjAlMjAlMjAlN0QlMjklM0IlMEElM0MlMkZzY3JpcHQlM0U=[\/vc_raw_html][\/vc_column][\/vc_row]\" \/>\n<meta property=\"og:url\" content=\"https:\/\/newinn.com\/tr\/iletisim\/\" \/>\n<meta property=\"og:site_name\" content=\"Serviced Apartments | Newinn\" \/>\n<meta property=\"article:modified_time\" content=\"2024-11-13T09:41:35+00:00\" \/>\n<meta name=\"twitter:card\" content=\"summary_large_image\" \/>\n<meta name=\"twitter:label1\" content=\"Tahmini okuma s\u00fcresi\" \/>\n\t<meta name=\"twitter:data1\" content=\"1 dakika\" \/>\n<script type=\"application\/ld+json\" class=\"yoast-schema-graph\">{\"@context\":\"https:\/\/schema.org\",\"@graph\":[{\"@type\":\"WebPage\",\"@id\":\"https:\/\/newinn.com\/tr\/iletisim\/\",\"url\":\"https:\/\/newinn.com\/tr\/iletisim\/\",\"name\":\"\u0130leti\u015fim | Serviced Apartments | Newinn\",\"isPartOf\":{\"@id\":\"https:\/\/newinn.com\/#website\"},\"datePublished\":\"2022-09-03T18:01:28+00:00\",\"dateModified\":\"2024-11-13T09:41:35+00:00\",\"inLanguage\":\"tr\",\"potentialAction\":[{\"@type\":\"ReadAction\",\"target\":[\"https:\/\/newinn.com\/tr\/iletisim\/\"]}]},{\"@type\":\"WebSite\",\"@id\":\"https:\/\/newinn.com\/#website\",\"url\":\"https:\/\/newinn.com\/\",\"name\":\"Serviced Apartments | Newinn\",\"description\":\"\",\"potentialAction\":[{\"@type\":\"SearchAction\",\"target\":{\"@type\":\"EntryPoint\",\"urlTemplate\":\"https:\/\/newinn.com\/?s={search_term_string}\"},\"query-input\":\"required name=search_term_string\"}],\"inLanguage\":\"tr\"}]}<\/script>\n<!-- \/ Yoast SEO plugin. -->","yoast_head_json":{"title":"\u0130leti\u015fim | Serviced Apartments | Newinn","robots":{"index":"index","follow":"follow","max-snippet":"max-snippet:-1","max-image-preview":"max-image-preview:large","max-video-preview":"max-video-preview:-1"},"canonical":"https:\/\/newinn.com\/tr\/iletisim\/","og_locale":"tr_TR","og_type":"article","og_title":"\u0130leti\u015fim | Serviced Apartments | Newinn","og_description":"[vc_row][vc_column width=&#8221;1\/2&#8243;][vc_custom_heading text=&#8221;\u0130leti\u015fim Bilgileri&#8221; use_theme_fonts=&#8221;yes&#8221; css=&#8221;.vc_custom_1663843167983{padding-bottom: 15px !important;}&#8221;][vc_column_text el_class=&#8221;contactlink&#8221;]Adres: Mecidiyek\u00f6y Mahallesi, B\u00fcy\u00fckdere Caddesi, Stad Han, No:85, Kat:5, Kap\u0131 No:10 \u015ei\u015fli \/ \u0130STANBUL Telefon: +90 (212) 800 19 19 WhatsApp: +90 (212) 800 19 19 E-Mail: reservations@newinn.com[\/vc_column_text][vc_row_inner][vc_column_inner width=&#8221;2\/3&#8243;][vc_custom_heading text=&#8221;\u0130leti\u015fim Formu&#8221; use_theme_fonts=&#8221;yes&#8221; css=&#8221;.vc_custom_1663843188626{padding-bottom: 0px !important;}&#8221;][vc_raw_html]JTVCY29udGFjdC1mb3JtLTclMjBpZCUzRCUyMjJjMzRiZTAlMjIlMjB0aXRsZSUzRCUyMiVDNCVCMGxldGklQzUlOUZpbSUyMEZvcm11JTIyJTVE[\/vc_raw_html][\/vc_column_inner][vc_column_inner width=&#8221;1\/3&#8243;][\/vc_column_inner][\/vc_row_inner][\/vc_column][vc_column width=&#8221;1\/2&#8243;][vc_custom_heading text=&#8221;Konum&#8221; use_theme_fonts=&#8221;yes&#8221; css=&#8221;.vc_custom_1663843179948{padding-bottom: 15px !important;}&#8221;][vc_gmaps link=&#8221;#E-8_JTNDaWZyYW1lJTIwc3JjJTNEJTIyaHR0cHMlM0ElMkYlMkZ3d3cuZ29vZ2xlLmNvbSUyRm1hcHMlMkZlbWJlZCUzRnBiJTNEJTIxMW0xOCUyMTFtMTIlMjExbTMlMjExZDQ4MTUxLjQ3Nzc3MTUzODE2NCUyMTJkMjguOTM1NzA4MDc2NzE3MzklMjEzZDQxLjAzNjkwNzYzMzg0NDI4JTIxMm0zJTIxMWYwJTIxMmYwJTIxM2YwJTIxM20yJTIxMWkxMDI0JTIxMmk3NjglMjE0ZjEzLjElMjEzbTMlMjExbTIlMjExczB4MTRjYWI3ZTAzZTY4MmE1ZiUyNTNBMHg2ZmZkMDkxMjA0OGVmYmEyJTIxMnNORVclMjUyMElOTiUyMTVlMCUyMTNtMiUyMTFzdHIlMjEyc3RyJTIxNHYxNjkyMTc1MTkyMjE2JTIxNW0yJTIxMXN0ciUyMTJzdHIlMjIlMjB3aWR0aCUzRCUyMjEwMCUyNSUyMiUyMGhlaWdodCUzRCUyMjQ2NSUyMiUyMHN0eWxlJTNEJTIyYm9yZGVyJTNBMCUzQiUyMiUyMGFsbG93ZnVsbHNjcmVlbiUzRCUyMiUyMiUyMGxvYWRpbmclM0QlMjJsYXp5JTIyJTIwcmVmZXJyZXJwb2xpY3klM0QlMjJuby1yZWZlcnJlci13aGVuLWRvd25ncmFkZSUyMiUzRSUzQyUyRmlmcmFtZSUzRQ==&#8221;][\/vc_column][\/vc_row][vc_row el_class=&#8221;d-none&#8221;][vc_column][vc_raw_html]JTNDc2NyaXB0JTNFJTBBJTIwJTIwJTIwJTIwJTJGJTJGJTIwJUM0JUIwbGV0aSVDNSU5RmltJTIwc2F5ZmFzJUM0JUIxbmRhJTIwZyVDMyVCNm5kZXJpbGVjZWslMjBpbGV0aSVDNSU5RmltJTIwZm9ybWxhciVDNCVCMSUyMHNheWFjYWslMjBldmVudCVFMiU4MCU5OXRpci4lMEElMjAlMjAlMjAlMjBkYXRhTGF5ZXIucHVzaCUyOCU3QiUwQSUyMCUyMCUyMCUyMCUyMCUyMCUyMCUyMCUyN2V2ZW50JTI3JTNBJTIwJTI3Y29udGFjdF9mb3JtJTI3JTJDJTIwJTJGJTJGJTIwYmElQzUlOUZhciVDNCVCMWwlQzQlQjElMjBpbGV0aSVDNSU5RmltJTIwZm9ybXUlMjBnJUMzJUI2bmRlcmltaW5kZSUyMCVDMyVBN2FsJUM0JUIxJUM1JTlGdCVDNCVCMXIlQzQlQjFsYWNhayUyMGV2ZW50JTI3aW4lMjBhZCVDNCVCMWQlQzQlQjFyJTBBJTIwJTIwJTIwJTIwJTIwJTIwJTIwJTIwJTI3bmFtZSUyNyUzQSUyMCUyNyVDMyU4N2ElQzQlOUZkYSVDNSU5RiUyMFBvbGF0JTI3JTJDJTIwJTJGJTJGZm9ybXUlMjBkb2xkdXJhbiUyMGt1bGxhbiVDNCVCMWMlQzQlQjFuJUM0JUIxbiUyMGclQzMlQjZuZGVyZGklQzQlOUZpJTIwYWQlQzQlQjElMjBzb3lhZCVDNCVCMSUyMGclQzMlQjZuZGVyaWxpciUwQSUyMCUyMCUyMCUyMCUyMCUyMCUyMCUyMCUyN21lc3NhZ2UlMjclM0ElMjAlMjd0ZXN0JTIwbWVzYWolQzQlQjFkJUM0JUIxciUyNyUyQyUyMCUyRiUyRmZvcm11JTIwZG9sZHVyYW4lMjBrdWxsYW4lQzQlQjFjJUM0JUIxbiVDNCVCMW4lMjBnJUMzJUI2bmRlcmRpJUM0JTlGaSUyMG1lc2FqZCVDNCVCMXIlMjBnJUMzJUI2bmRlcmlsaXIlMEElMjAlMjAlMjAlMjAlMjAlMjAlMjAlMjAlMjdwaG9uZSUyNyUzQSUyMCUyNzUwNTI3NjczNTMlMjclMkMlMjAlMkYlMkZmb3JtdSUyMGRvbGR1cmFuJTIwa3VsbGFuJUM0JUIxYyVDNCVCMW4lQzQlQjFuJTIwZyVDMyVCNm5kZXJkaSVDNCU5RmklMjB0ZWxlZm9udSUyMGclQzMlQjZuZGVyaWxpciUwQSUyMCUyMCUyMCUyMCUyMCUyMCUyMCUyMCUyN2VtYWlsJTI3JTNBJTIwJTI3Y2FnZGFzJTQwbWVkaWFzdG9yZS5jb20udHIlMjclMjAlMkYlMkZmb3JtdSUyMGRvbGR1cmFuJTIwa3VsbGFuJUM0JUIxYyVDNCVCMW4lQzQlQjFuJTIwZyVDMyVCNm5kZXJkaSVDNCU5RmklMjBlbWFpbCUyN2klMjBnJUMzJUI2bmRlcmlsaXIlMEElMjAlMjAlMjAlMjAlN0QlMjklM0IlMEElM0MlMkZzY3JpcHQlM0U=[\/vc_raw_html][\/vc_column][\/vc_row]","og_url":"https:\/\/newinn.com\/tr\/iletisim\/","og_site_name":"Serviced Apartments | Newinn","article_modified_time":"2024-11-13T09:41:35+00:00","twitter_card":"summary_large_image","twitter_misc":{"Tahmini okuma s\u00fcresi":"1 dakika"},"schema":{"@context":"https:\/\/schema.org","@graph":[{"@type":"WebPage","@id":"https:\/\/newinn.com\/tr\/iletisim\/","url":"https:\/\/newinn.com\/tr\/iletisim\/","name":"\u0130leti\u015fim | Serviced Apartments | Newinn","isPartOf":{"@id":"https:\/\/newinn.com\/#website"},"datePublished":"2022-09-03T18:01:28+00:00","dateModified":"2024-11-13T09:41:35+00:00","inLanguage":"tr","potentialAction":[{"@type":"ReadAction","target":["https:\/\/newinn.com\/tr\/iletisim\/"]}]},{"@type":"WebSite","@id":"https:\/\/newinn.com\/#website","url":"https:\/\/newinn.com\/","name":"Serviced Apartments | Newinn","description":"","potentialAction":[{"@type":"SearchAction","target":{"@type":"EntryPoint","urlTemplate":"https:\/\/newinn.com\/?s={search_term_string}"},"query-input":"required name=search_term_string"}],"inLanguage":"tr"}]}},"_links":{"self":[{"href":"https:\/\/newinn.com\/tr\/wp-json\/wp\/v2\/pages\/7324","targetHints":{"allow":["GET"]}}],"collection":[{"href":"https:\/\/newinn.com\/tr\/wp-json\/wp\/v2\/pages"}],"about":[{"href":"https:\/\/newinn.com\/tr\/wp-json\/wp\/v2\/types\/page"}],"author":[{"embeddable":true,"href":"https:\/\/newinn.com\/tr\/wp-json\/wp\/v2\/users\/2"}],"replies":[{"embeddable":true,"href":"https:\/\/newinn.com\/tr\/wp-json\/wp\/v2\/comments?post=7324"}],"version-history":[{"count":17,"href":"https:\/\/newinn.com\/tr\/wp-json\/wp\/v2\/pages\/7324\/revisions"}],"predecessor-version":[{"id":20100,"href":"https:\/\/newinn.com\/tr\/wp-json\/wp\/v2\/pages\/7324\/revisions\/20100"}],"wp:attachment":[{"href":"https:\/\/newinn.com\/tr\/wp-json\/wp\/v2\/media?parent=7324"}],"curies":[{"name":"wp","href":"https:\/\/api.w.org\/{rel}","templated":true}]}}