{"id":7326,"date":"2022-09-03T20:35:24","date_gmt":"2022-09-03T17:35:24","guid":{"rendered":"https:\/\/newinn.com\/about-us\/"},"modified":"2023-10-23T15:06:39","modified_gmt":"2023-10-23T12:06:39","slug":"hakkimizda","status":"publish","type":"page","link":"https:\/\/newinn.com\/tr\/hakkimizda\/","title":{"rendered":"Hakk\u0131m\u0131zda"},"content":{"rendered":"\n<p class=\"has-text-align-center paboutcenter\">Artan konaklama talebini kar\u015f\u0131lamak \u00fczere kurulan NEW INN, elveri\u015fli konumdaki daireleriyle otellere m\u00fckemmel bir alternatif sunmaktad\u0131r. NEW INN&#8217;de dairenizi i\u015fletmek ve y\u00f6netmek i\u00e7in uzmanl\u0131\u011f\u0131m\u0131z\u0131 ve ki\u015fiselle\u015ftirilmi\u015f tekniklerimizi sunuyoruz.<\/p>\n\n\n\n<p class=\"has-text-align-center paboutcenter\">Y\u00f6netim \u015feklimiz, dairenize m\u00fcmk\u00fcn olan en iyi kirac\u0131lar\u0131 getirmek i\u00e7in standartlar\u0131 en y\u00fcksekte tutarken, yat\u0131r\u0131m\u0131n\u0131zdan maksimum&nbsp;k\u00e2r\u0131&nbsp;garanti eden profesyonellik, d\u00fcr\u00fcstl\u00fck, hesap verebilirlik ve kaliteli hizmet ilkeleri \u00fczerine kurulmu\u015ftur. Sizi yeni bir ya\u015fam tarz\u0131na davet etmeye haz\u0131r\u0131z.<\/p>\n\n\n\n<figure class=\"wp-block-embed aligncenter is-type-video is-provider-youtube wp-block-embed-youtube wp-embed-aspect-16-9 wp-has-aspect-ratio\"><div class=\"wp-block-embed__wrapper\">\n<iframe loading=\"lazy\" title=\"Introduction to NEW INN 101: Fully furnished serviced apartments\" width=\"640\" height=\"360\" src=\"https:\/\/www.youtube.com\/embed\/Gmz54MgO3mk?feature=oembed\" frameborder=\"0\" allow=\"accelerometer; autoplay; clipboard-write; encrypted-media; gyroscope; picture-in-picture; web-share\" referrerpolicy=\"strict-origin-when-cross-origin\" allowfullscreen><\/iframe>\n<\/div><\/figure>\n","protected":false},"excerpt":{"rendered":"<p>Artan konaklama talebini kar\u015f\u0131lamak \u00fczere kurulan NEW INN, elveri\u015fli konumdaki daireleriyle otellere m\u00fckemmel bir alternatif sunmaktad\u0131r. NEW INN&#8217;de dairenizi i\u015fletmek ve y\u00f6netmek i\u00e7in uzmanl\u0131\u011f\u0131m\u0131z\u0131 ve ki\u015fiselle\u015ftirilmi\u015f tekniklerimizi sunuyoruz. Y\u00f6netim \u015feklimiz, dairenize m\u00fcmk\u00fcn olan en iyi kirac\u0131lar\u0131 getirmek i\u00e7in standartlar\u0131 en y\u00fcksekte tutarken, yat\u0131r\u0131m\u0131n\u0131zdan maksimum&nbsp;k\u00e2r\u0131&nbsp;garanti eden profesyonellik, d\u00fcr\u00fcstl\u00fck, hesap verebilirlik ve kaliteli hizmet ilkeleri \u00fczerine kurulmu\u015ftur. Sizi yeni bir ya\u015fam tarz\u0131na davet etmeye haz\u0131r\u0131z.<\/p>\n","protected":false},"author":2,"featured_media":0,"parent":0,"menu_order":0,"comment_status":"closed","ping_status":"closed","template":"","meta":{"footnotes":""},"class_list":["post-7326","page","type-page","status-publish","hentry"],"yoast_head":"<!-- This site is optimized with the Yoast SEO plugin v20.11 - https:\/\/yoast.com\/wordpress\/plugins\/seo\/ -->\n<title>Hakk\u0131m\u0131zda | Serviced Apartments | Newinn<\/title>\n<meta name=\"description\" content=\"Sizi yeni bir ya\u015fam tarz\u0131na davet etmeye haz\u0131rlanan Newinn hakk\u0131nda daha fazla detayl\u0131 bilgi sahibi olmak i\u00e7in Newinn.com web sitesini hemen inceleyebilirsiniz.\" \/>\n<meta name=\"robots\" content=\"index, follow, max-snippet:-1, max-image-preview:large, max-video-preview:-1\" \/>\n<link rel=\"canonical\" href=\"https:\/\/newinn.com\/tr\/hakkimizda\/\" \/>\n<meta property=\"og:locale\" content=\"tr_TR\" \/>\n<meta property=\"og:type\" content=\"article\" \/>\n<meta property=\"og:title\" content=\"Hakk\u0131m\u0131zda | Serviced Apartments | Newinn\" \/>\n<meta property=\"og:description\" content=\"Sizi yeni bir ya\u015fam tarz\u0131na davet etmeye haz\u0131rlanan Newinn hakk\u0131nda daha fazla detayl\u0131 bilgi sahibi olmak i\u00e7in Newinn.com web sitesini hemen inceleyebilirsiniz.\" \/>\n<meta property=\"og:url\" content=\"https:\/\/newinn.com\/tr\/hakkimizda\/\" \/>\n<meta property=\"og:site_name\" content=\"Serviced Apartments | Newinn\" \/>\n<meta property=\"article:modified_time\" content=\"2023-10-23T12:06:39+00:00\" \/>\n<meta name=\"twitter:card\" content=\"summary_large_image\" \/>\n<meta name=\"twitter:label1\" content=\"Tahmini okuma s\u00fcresi\" \/>\n\t<meta name=\"twitter:data1\" content=\"1 dakika\" \/>\n<script type=\"application\/ld+json\" class=\"yoast-schema-graph\">{\"@context\":\"https:\/\/schema.org\",\"@graph\":[{\"@type\":\"WebPage\",\"@id\":\"https:\/\/newinn.com\/tr\/hakkimizda\/\",\"url\":\"https:\/\/newinn.com\/tr\/hakkimizda\/\",\"name\":\"Hakk\u0131m\u0131zda | Serviced Apartments | Newinn\",\"isPartOf\":{\"@id\":\"https:\/\/newinn.com\/#website\"},\"datePublished\":\"2022-09-03T17:35:24+00:00\",\"dateModified\":\"2023-10-23T12:06:39+00:00\",\"description\":\"Sizi yeni bir ya\u015fam tarz\u0131na davet etmeye haz\u0131rlanan Newinn hakk\u0131nda daha fazla detayl\u0131 bilgi sahibi olmak i\u00e7in Newinn.com web sitesini hemen inceleyebilirsiniz.\",\"inLanguage\":\"tr\",\"potentialAction\":[{\"@type\":\"ReadAction\",\"target\":[\"https:\/\/newinn.com\/tr\/hakkimizda\/\"]}]},{\"@type\":\"WebSite\",\"@id\":\"https:\/\/newinn.com\/#website\",\"url\":\"https:\/\/newinn.com\/\",\"name\":\"Serviced Apartments | Newinn\",\"description\":\"\",\"potentialAction\":[{\"@type\":\"SearchAction\",\"target\":{\"@type\":\"EntryPoint\",\"urlTemplate\":\"https:\/\/newinn.com\/?s={search_term_string}\"},\"query-input\":\"required name=search_term_string\"}],\"inLanguage\":\"tr\"}]}<\/script>\n<!-- \/ Yoast SEO plugin. -->","yoast_head_json":{"title":"Hakk\u0131m\u0131zda | Serviced Apartments | Newinn","description":"Sizi yeni bir ya\u015fam tarz\u0131na davet etmeye haz\u0131rlanan Newinn hakk\u0131nda daha fazla detayl\u0131 bilgi sahibi olmak i\u00e7in Newinn.com web sitesini hemen inceleyebilirsiniz.","robots":{"index":"index","follow":"follow","max-snippet":"max-snippet:-1","max-image-preview":"max-image-preview:large","max-video-preview":"max-video-preview:-1"},"canonical":"https:\/\/newinn.com\/tr\/hakkimizda\/","og_locale":"tr_TR","og_type":"article","og_title":"Hakk\u0131m\u0131zda | Serviced Apartments | Newinn","og_description":"Sizi yeni bir ya\u015fam tarz\u0131na davet etmeye haz\u0131rlanan Newinn hakk\u0131nda daha fazla detayl\u0131 bilgi sahibi olmak i\u00e7in Newinn.com web sitesini hemen inceleyebilirsiniz.","og_url":"https:\/\/newinn.com\/tr\/hakkimizda\/","og_site_name":"Serviced Apartments | Newinn","article_modified_time":"2023-10-23T12:06:39+00:00","twitter_card":"summary_large_image","twitter_misc":{"Tahmini okuma s\u00fcresi":"1 dakika"},"schema":{"@context":"https:\/\/schema.org","@graph":[{"@type":"WebPage","@id":"https:\/\/newinn.com\/tr\/hakkimizda\/","url":"https:\/\/newinn.com\/tr\/hakkimizda\/","name":"Hakk\u0131m\u0131zda | Serviced Apartments | Newinn","isPartOf":{"@id":"https:\/\/newinn.com\/#website"},"datePublished":"2022-09-03T17:35:24+00:00","dateModified":"2023-10-23T12:06:39+00:00","description":"Sizi yeni bir ya\u015fam tarz\u0131na davet etmeye haz\u0131rlanan Newinn hakk\u0131nda daha fazla detayl\u0131 bilgi sahibi olmak i\u00e7in Newinn.com web sitesini hemen inceleyebilirsiniz.","inLanguage":"tr","potentialAction":[{"@type":"ReadAction","target":["https:\/\/newinn.com\/tr\/hakkimizda\/"]}]},{"@type":"WebSite","@id":"https:\/\/newinn.com\/#website","url":"https:\/\/newinn.com\/","name":"Serviced Apartments | Newinn","description":"","potentialAction":[{"@type":"SearchAction","target":{"@type":"EntryPoint","urlTemplate":"https:\/\/newinn.com\/?s={search_term_string}"},"query-input":"required name=search_term_string"}],"inLanguage":"tr"}]}},"_links":{"self":[{"href":"https:\/\/newinn.com\/tr\/wp-json\/wp\/v2\/pages\/7326","targetHints":{"allow":["GET"]}}],"collection":[{"href":"https:\/\/newinn.com\/tr\/wp-json\/wp\/v2\/pages"}],"about":[{"href":"https:\/\/newinn.com\/tr\/wp-json\/wp\/v2\/types\/page"}],"author":[{"embeddable":true,"href":"https:\/\/newinn.com\/tr\/wp-json\/wp\/v2\/users\/2"}],"replies":[{"embeddable":true,"href":"https:\/\/newinn.com\/tr\/wp-json\/wp\/v2\/comments?post=7326"}],"version-history":[{"count":7,"href":"https:\/\/newinn.com\/tr\/wp-json\/wp\/v2\/pages\/7326\/revisions"}],"predecessor-version":[{"id":15904,"href":"https:\/\/newinn.com\/tr\/wp-json\/wp\/v2\/pages\/7326\/revisions\/15904"}],"wp:attachment":[{"href":"https:\/\/newinn.com\/tr\/wp-json\/wp\/v2\/media?parent=7326"}],"curies":[{"name":"wp","href":"https:\/\/api.w.org\/{rel}","templated":true}]}}