{"id":7329,"date":"2022-09-02T02:24:56","date_gmt":"2022-09-01T23:24:56","guid":{"rendered":"https:\/\/newinn.com\/homepage\/"},"modified":"2023-08-09T15:12:14","modified_gmt":"2023-08-09T12:12:14","slug":"homepage","status":"publish","type":"page","link":"https:\/\/newinn.com\/tr\/","title":{"rendered":"Homepage TR"},"content":{"rendered":"<section class=\"wpb-content-wrapper\"><p>[vc_row][vc_column][vc_column_text][\/vc_column_text][\/vc_column][\/vc_row]<\/p>\n<\/section>","protected":false},"excerpt":{"rendered":"<p>[vc_row][vc_column][vc_column_text][\/vc_column_text][\/vc_column][\/vc_row]<\/p>\n","protected":false},"author":2,"featured_media":0,"parent":0,"menu_order":0,"comment_status":"closed","ping_status":"closed","template":"homepage.php","meta":{"footnotes":""},"class_list":["post-7329","page","type-page","status-publish","hentry"],"yoast_head":"<!-- This site is optimized with the Yoast SEO plugin v20.11 - https:\/\/yoast.com\/wordpress\/plugins\/seo\/ -->\n<title>NEW INN | Otel Konforunda Kiral\u0131k E\u015fyal\u0131 Daireler ve Fiyatlar\u0131<\/title>\n<meta name=\"description\" content=\"En iyi konaklama deneyimini ya\u015famak, l\u00fcks otel konforunda ve en iyi lokasyonlarda yer alan e\u015fyal\u0131 kiral\u0131k dairelerimizi incelemek i\u00e7in newinn.com&#039;u ziyaret edin.\" \/>\n<meta name=\"robots\" content=\"index, follow, max-snippet:-1, max-image-preview:large, max-video-preview:-1\" \/>\n<link rel=\"canonical\" href=\"https:\/\/newinn.com\/tr\/\" \/>\n<meta property=\"og:locale\" content=\"tr_TR\" \/>\n<meta property=\"og:type\" content=\"article\" \/>\n<meta property=\"og:title\" content=\"NEW INN | Otel Konforunda Kiral\u0131k E\u015fyal\u0131 Daireler ve Fiyatlar\u0131\" \/>\n<meta property=\"og:description\" content=\"En iyi konaklama deneyimini ya\u015famak, l\u00fcks otel konforunda ve en iyi lokasyonlarda yer alan e\u015fyal\u0131 kiral\u0131k dairelerimizi incelemek i\u00e7in newinn.com&#039;u ziyaret edin.\" \/>\n<meta property=\"og:url\" content=\"https:\/\/newinn.com\/tr\/\" \/>\n<meta property=\"og:site_name\" content=\"Serviced Apartments | Newinn\" \/>\n<meta property=\"article:modified_time\" content=\"2023-08-09T12:12:14+00:00\" \/>\n<meta name=\"twitter:card\" content=\"summary_large_image\" \/>\n<meta name=\"twitter:label1\" content=\"Tahmini okuma s\u00fcresi\" \/>\n\t<meta name=\"twitter:data1\" content=\"1 dakika\" \/>\n<script type=\"application\/ld+json\" class=\"yoast-schema-graph\">{\"@context\":\"https:\/\/schema.org\",\"@graph\":[{\"@type\":\"WebPage\",\"@id\":\"https:\/\/newinn.com\/tr\/\",\"url\":\"https:\/\/newinn.com\/tr\/\",\"name\":\"NEW INN | Otel Konforunda Kiral\u0131k E\u015fyal\u0131 Daireler ve Fiyatlar\u0131\",\"isPartOf\":{\"@id\":\"https:\/\/newinn.com\/#website\"},\"datePublished\":\"2022-09-01T23:24:56+00:00\",\"dateModified\":\"2023-08-09T12:12:14+00:00\",\"description\":\"En iyi konaklama deneyimini ya\u015famak, l\u00fcks otel konforunda ve en iyi lokasyonlarda yer alan e\u015fyal\u0131 kiral\u0131k dairelerimizi incelemek i\u00e7in newinn.com'u ziyaret edin.\",\"inLanguage\":\"tr\",\"potentialAction\":[{\"@type\":\"ReadAction\",\"target\":[\"https:\/\/newinn.com\/tr\/\"]}]},{\"@type\":\"WebSite\",\"@id\":\"https:\/\/newinn.com\/#website\",\"url\":\"https:\/\/newinn.com\/\",\"name\":\"Serviced Apartments | Newinn\",\"description\":\"\",\"potentialAction\":[{\"@type\":\"SearchAction\",\"target\":{\"@type\":\"EntryPoint\",\"urlTemplate\":\"https:\/\/newinn.com\/?s={search_term_string}\"},\"query-input\":\"required name=search_term_string\"}],\"inLanguage\":\"tr\"}]}<\/script>\n<!-- \/ Yoast SEO plugin. -->","yoast_head_json":{"title":"NEW INN | Otel Konforunda Kiral\u0131k E\u015fyal\u0131 Daireler ve Fiyatlar\u0131","description":"En iyi konaklama deneyimini ya\u015famak, l\u00fcks otel konforunda ve en iyi lokasyonlarda yer alan e\u015fyal\u0131 kiral\u0131k dairelerimizi incelemek i\u00e7in newinn.com'u ziyaret edin.","robots":{"index":"index","follow":"follow","max-snippet":"max-snippet:-1","max-image-preview":"max-image-preview:large","max-video-preview":"max-video-preview:-1"},"canonical":"https:\/\/newinn.com\/tr\/","og_locale":"tr_TR","og_type":"article","og_title":"NEW INN | Otel Konforunda Kiral\u0131k E\u015fyal\u0131 Daireler ve Fiyatlar\u0131","og_description":"En iyi konaklama deneyimini ya\u015famak, l\u00fcks otel konforunda ve en iyi lokasyonlarda yer alan e\u015fyal\u0131 kiral\u0131k dairelerimizi incelemek i\u00e7in newinn.com'u ziyaret edin.","og_url":"https:\/\/newinn.com\/tr\/","og_site_name":"Serviced Apartments | Newinn","article_modified_time":"2023-08-09T12:12:14+00:00","twitter_card":"summary_large_image","twitter_misc":{"Tahmini okuma s\u00fcresi":"1 dakika"},"schema":{"@context":"https:\/\/schema.org","@graph":[{"@type":"WebPage","@id":"https:\/\/newinn.com\/tr\/","url":"https:\/\/newinn.com\/tr\/","name":"NEW INN | Otel Konforunda Kiral\u0131k E\u015fyal\u0131 Daireler ve Fiyatlar\u0131","isPartOf":{"@id":"https:\/\/newinn.com\/#website"},"datePublished":"2022-09-01T23:24:56+00:00","dateModified":"2023-08-09T12:12:14+00:00","description":"En iyi konaklama deneyimini ya\u015famak, l\u00fcks otel konforunda ve en iyi lokasyonlarda yer alan e\u015fyal\u0131 kiral\u0131k dairelerimizi incelemek i\u00e7in newinn.com'u ziyaret edin.","inLanguage":"tr","potentialAction":[{"@type":"ReadAction","target":["https:\/\/newinn.com\/tr\/"]}]},{"@type":"WebSite","@id":"https:\/\/newinn.com\/#website","url":"https:\/\/newinn.com\/","name":"Serviced Apartments | Newinn","description":"","potentialAction":[{"@type":"SearchAction","target":{"@type":"EntryPoint","urlTemplate":"https:\/\/newinn.com\/?s={search_term_string}"},"query-input":"required name=search_term_string"}],"inLanguage":"tr"}]}},"_links":{"self":[{"href":"https:\/\/newinn.com\/tr\/wp-json\/wp\/v2\/pages\/7329","targetHints":{"allow":["GET"]}}],"collection":[{"href":"https:\/\/newinn.com\/tr\/wp-json\/wp\/v2\/pages"}],"about":[{"href":"https:\/\/newinn.com\/tr\/wp-json\/wp\/v2\/types\/page"}],"author":[{"embeddable":true,"href":"https:\/\/newinn.com\/tr\/wp-json\/wp\/v2\/users\/2"}],"replies":[{"embeddable":true,"href":"https:\/\/newinn.com\/tr\/wp-json\/wp\/v2\/comments?post=7329"}],"version-history":[{"count":7,"href":"https:\/\/newinn.com\/tr\/wp-json\/wp\/v2\/pages\/7329\/revisions"}],"predecessor-version":[{"id":15839,"href":"https:\/\/newinn.com\/tr\/wp-json\/wp\/v2\/pages\/7329\/revisions\/15839"}],"wp:attachment":[{"href":"https:\/\/newinn.com\/tr\/wp-json\/wp\/v2\/media?parent=7329"}],"curies":[{"name":"wp","href":"https:\/\/api.w.org\/{rel}","templated":true}]}}